{"id":4107,"date":"2022-03-21T19:51:18","date_gmt":"2022-03-21T18:51:18","guid":{"rendered":"http:\/\/zenia.dk\/?page_id=4107"},"modified":"2024-04-11T13:54:27","modified_gmt":"2024-04-11T12:54:27","slug":"alt-det-her","status":"publish","type":"page","link":"https:\/\/zenia.dk\/?page_id=4107","title":{"rendered":"ALT DET HER"},"content":{"rendered":"<div class=\"align-wrap-left alignwide\">\n<figure class=\"wp-block-image alignleft size-large is-resized\"><img loading=\"lazy\" decoding=\"async\" width=\"582\" height=\"822\" src=\"http:\/\/zenia.dk\/wp-content\/uploads\/9788771518665-01.jpeg\" alt=\"\" class=\"wp-image-4106\" style=\"width:250px;height:353px\" srcset=\"https:\/\/zenia.dk\/wp-content\/uploads\/9788771518665-01.jpeg 582w, https:\/\/zenia.dk\/wp-content\/uploads\/9788771518665-01-212x300.jpeg 212w\" sizes=\"auto, (max-width: 582px) 100vw, 582px\" \/><figcaption class=\"wp-element-caption\">Jensen &amp; Dalgaard, 2022 <\/figcaption><\/figure>\n<\/div>\n\n\n<p class=\"has-text-align-left\"><em>Fragmenteret, poetisk og por\u00f8s historie om svigt, samtidighed &amp; selvforsvar<\/em><\/p>\n\n\n\n<p>En pige spiller d\u00f8d, lukker \u00f8jnene, holder vejret og t\u00e6ller mod hundrede, hendes s\u00f8ster har lovet at s\u00e5dan f\u00e5r man sp\u00f8gelset i rummet til at forsvinde.<br><br>20 \u00e5r senere t\u00e6ller hun stadig, sp\u00f8gelset er der endnu, og livets kronologi er opl\u00f8st og blevet sk\u00f8r &#8211; tanker og oplevelser hvirvler forl\u00e6ns og bagl\u00e6ns ind foran hende. Barndommen i Blokkene med en gennemsigtig far og voksenlivet med arbejde p\u00e5 et kommunekontor synes at ske p\u00e5 samme tid.<\/p>\n\n\n\n<p><em><strong>Alt det her<\/strong><\/em> er en sagtmodig, r\u00e5 og kr\u00f8llet roman om at overleve andre mennesker og samtidigt fare vild i sin egen livsfort\u00e6lling.<\/p>\n\n\n\n<p class=\"has-text-align-left\"><\/p>\n\n\n\n<p><strong>ANMELDELSER &amp; OMTALE<\/strong><\/p>\n\n\n\n<hr class=\"wp-block-separator has-alpha-channel-opacity\"\/>\n\n\n\n<p>&#8220;<strong><em>Alt det her <\/em><\/strong>er hurtigt l\u00e6st, men ikke let at l\u00e6gge fra sig bagefter. L\u00e6s den, hvis du er til afgrundsdybe fort\u00e6llinger fortalt som lysbilleder i tilf\u00e6ldig r\u00e6kkef\u00f8lge p\u00e5 et kr\u00f8llet l\u00e6rred. Hvor alting til slut alligevel st\u00e5r lysende klart. Stor anbefaling herfra.&#8221;<br>@<strong>Heidi Bobjerg<\/strong><\/p>\n\n\n\n<hr class=\"wp-block-separator has-alpha-channel-opacity\"\/>\n\n\n\n<p>&#8220;Under hele den fragmentariske krydsklipning mellem episoder i den neurotiske hovedpersons liv \u2013 som lille pige, som skolebarn, som voksen \u2013 l\u00f8ber en str\u00f8m af overrumplende, underspillet humor, som glimtvis f\u00e5r den dybest set dystre, gr\u00e5melerede ikke-handling til at eksplodere i muntre farver.&#8221;<\/p>\n\n\n\n<p>&#8220;<em>Alt det her<\/em> er en bem\u00e6rkelsesv\u00e6rdig, knugende og alligevel morsom lille bog, som varmt skal anbefales, hvis du gider l\u00e6se andet end mainstreamlitteratur, der k\u00f8rer line\u00e6rt fra A til Z.&#8221;<\/p>\n\n\n\n<p><strong>Christian M\u00f8geltoft, <\/strong>Bogrummet.dk<\/p>\n\n\n\n<hr class=\"wp-block-separator has-alpha-channel-opacity\"\/>\n\n\n\n<p>&#8220;&#8230; det fine sprog og den st\u00e6rke historie med de mange nuancer og fine sansninger tr\u00e6kker op, og g\u00f8r bogen til en god l\u00e6seoplevelse.&#8221;<\/p>\n\n\n\n<p><strong>Michael Linde Larsen<\/strong>, Dansk Biblioteks Center<\/p>\n\n\n\n<hr class=\"wp-block-separator has-alpha-channel-opacity\"\/>\n\n\n\n<p>&#8220;<em>Alt det her<\/em> er hurtigt l\u00e6st \u2013 jeg l\u00e6ste den p\u00e5 en eftermiddag. Men den rumsterer i langt l\u00e6ngere tid. Den skal l\u00e6ses langsomt, der antydes lidt af hvert og jeg t\u00e6nker den er oplagt til en l\u00e6seklub, der gerne l\u00e6ser korte romaner.&#8221;<br><br><strong>Jane Andersen<\/strong>, Bogblogger.dk<\/p>\n\n\n\n<hr class=\"wp-block-separator has-alpha-channel-opacity\"\/>\n\n\n\n<p>&#8220;Det var en speciel l\u00e6seoplevelse. For jeg b\u00e5de forstod bogen og s\u00e5 alligevel ikke \u2026 Og det er ok. For selv om jeg ikke helt forstod den, s\u00e5 satte den sig alligevel i mig. S\u00e5 ja, en speciel l\u00e6seoplevelse, men ogs\u00e5 en st\u00e6rk \u00e9n af slagsen.&#8221;<br>@boegerne_i_mit_liv<\/p>\n\n\n\n<hr class=\"wp-block-separator has-alpha-channel-opacity\"\/>\n\n\n\n<p><strong><em>Alt det her<\/em><\/strong> er en lille finurlig, sk\u00e6v og humoristisk roman. Bogen beskriver barndommen glimtvis, upolereret og i tilf\u00e6ldig r\u00e6kkef\u00f8lge.<br><strong>Billunds Boghandel<\/strong><\/p>\n\n\n\n<hr class=\"wp-block-separator has-alpha-channel-opacity\"\/>\n","protected":false},"excerpt":{"rendered":"<p>Fragmenteret, poetisk og por\u00f8s historie om svigt, samtidighed &amp; selvforsvar En pige spiller d\u00f8d, lukker \u00f8jnene, holder vejret og t\u00e6ller mod hundrede, hendes s\u00f8ster har lovet at s\u00e5dan f\u00e5r man sp\u00f8gelset i rummet til at forsvinde. 20 \u00e5r senere t\u00e6ller hun stadig, sp\u00f8gelset er der endnu, og livets kronologi er opl\u00f8st og blevet sk\u00f8r &#8211; tanker og oplevelser hvirvler forl\u00e6ns og bagl\u00e6ns ind foran hende. Barndommen i Blokkene med en gennemsigtig far og voksenlivet med arbejde p\u00e5 et kommunekontor synes at ske p\u00e5 samme tid. Alt det her er en sagtmodig, r\u00e5 og kr\u00f8llet roman om at overleve andre mennesker\u2026<\/p>\n","protected":false},"author":2,"featured_media":0,"parent":3159,"menu_order":0,"comment_status":"closed","ping_status":"closed","template":"","meta":{"footnotes":"","_links_to":"","_links_to_target":""},"class_list":["post-4107","page","type-page","status-publish","hentry"],"blocksy_meta":"","jetpack_sharing_enabled":true,"_links":{"self":[{"href":"https:\/\/zenia.dk\/index.php?rest_route=\/wp\/v2\/pages\/4107","targetHints":{"allow":["GET"]}}],"collection":[{"href":"https:\/\/zenia.dk\/index.php?rest_route=\/wp\/v2\/pages"}],"about":[{"href":"https:\/\/zenia.dk\/index.php?rest_route=\/wp\/v2\/types\/page"}],"author":[{"embeddable":true,"href":"https:\/\/zenia.dk\/index.php?rest_route=\/wp\/v2\/users\/2"}],"replies":[{"embeddable":true,"href":"https:\/\/zenia.dk\/index.php?rest_route=%2Fwp%2Fv2%2Fcomments&post=4107"}],"version-history":[{"count":8,"href":"https:\/\/zenia.dk\/index.php?rest_route=\/wp\/v2\/pages\/4107\/revisions"}],"predecessor-version":[{"id":5306,"href":"https:\/\/zenia.dk\/index.php?rest_route=\/wp\/v2\/pages\/4107\/revisions\/5306"}],"up":[{"embeddable":true,"href":"https:\/\/zenia.dk\/index.php?rest_route=\/wp\/v2\/pages\/3159"}],"wp:attachment":[{"href":"https:\/\/zenia.dk\/index.php?rest_route=%2Fwp%2Fv2%2Fmedia&parent=4107"}],"curies":[{"name":"wp","href":"https:\/\/api.w.org\/{rel}","templated":true}]}}