{"id":3988,"date":"2021-08-20T10:32:55","date_gmt":"2021-08-20T09:32:55","guid":{"rendered":"http:\/\/zenia.dk\/?page_id=3988"},"modified":"2021-11-01T10:23:49","modified_gmt":"2021-11-01T09:23:49","slug":"ranuknus","status":"publish","type":"page","link":"https:\/\/zenia.dk\/?page_id=3988","title":{"rendered":"RANUKNUS"},"content":{"rendered":"\n<p><\/p>\n\n\n\n<div class=\"wp-block-image align-wrap-left alignwide\"><figure class=\"alignleft size-large is-resized\"><img loading=\"lazy\" decoding=\"async\" src=\"http:\/\/zenia.dk\/wp-content\/uploads\/wp-1629452150527.jpg\" alt=\"\" class=\"wp-image-3991\" width=\"183\" height=\"266\" srcset=\"https:\/\/zenia.dk\/wp-content\/uploads\/wp-1629452150527.jpg 624w, https:\/\/zenia.dk\/wp-content\/uploads\/wp-1629452150527-207x300.jpg 207w\" sizes=\"auto, (max-width: 183px) 100vw, 183px\" \/><\/figure><\/div>\n\n\n\n<p><\/p>\n\n\n\n<h5 class=\"wp-block-heading\">&#8220;Sikke en bog!&#8221;<br>POLITIKEN<\/h5>\n\n\n\n<p>Nogle dr\u00f8mme er helt hen i vejret mens andre er helt nede p\u00e5 jorden. RANUKNUS er en historie om planeter og ponyer &#8211; og om hvordan forskellige dr\u00f8mme kan m\u00f8des. <\/p>\n\n\n\n<p>Illustreret af Lea Hebsgaard Andersen. Jensen &amp; Dalgaard, 2020<\/p>\n\n\n\n<h5 class=\"wp-block-heading\" id=\"block-c82616c7-6e5e-4924-9f0d-f5535c904ece\">&#8220;Fantasien kan ikke t\u00f8jles og galopperer derudaf hos Zenia Johnsen&#8221;<br>LITTERATURSIDEN<\/h5>\n\n\n\n<p><strong>ANMELDELSER<\/strong><br><\/p>\n\n\n\n<hr>\n\n\n\n<p>&#8220;Et svitsende angreb p\u00e5 l\u00e6nker.&#8221;<br>&#8220;\u2026st\u00e6rkt beriget lukker man den forunderlige historie.&#8221;<br><strong>Steffen Larsen, Politiken<\/strong><\/p>\n\n\n\n<hr class=\"wp-block-separator\"\/>\n\n\n\n<p>&#8220;S\u00e6regen og r\u00f8rende historie om store dr\u00f8mme og et umage venskab.&#8221;<\/p>\n\n\n\n<p>&#8220;Zenia Johnsens sprog er blomstrende i en underfundig humoristisk tone, og historien ledsages af Lea Hebsgaard Andersens billedside i s\u00e6rklasse&#8221;<br><strong>Line Hoffgaard, <a rel=\"noreferrer noopener\" href=\"https:\/\/litteratursiden.dk\/anmeldelser\/ranuknus\" target=\"_blank\">Litteratursiden<\/a><\/strong><\/p>\n\n\n\n<hr class=\"wp-block-separator\"\/>\n\n\n\n<p>&#8220;En sk\u00f8n, sjov og r\u00f8rende billedbog om et umage venskab.&#8221;<br>&#8220;Der findes en del b\u00f8ger om umage venskaber, men f\u00e5 der er s\u00e5 fabelagtigt fabulerende og humoristisk som denne&#8221;<br>&#8220;Anbefales varmt.&#8221;<br><strong>Johanne Elvers Madsen, lekt\u00f8rudtalelse for DBC<\/strong><\/p>\n\n\n\n<hr class=\"wp-block-separator\"\/>\n\n\n\n<p>&#8220;Ranuknus er en forunderlig billedfort\u00e6lling, hvor den sk\u00e6ve, sk\u00f8re og r\u00f8rende historie f\u00e5r lov til at udvikle sig i samspillet mellem Zenia Johnsens ord og Lea Hebsgaard Andersens udtryksfulde, enkle billedside.&#8221;<\/p>\n\n\n\n<p>&#8220;Zenia Johnsens poetiske, humoristiske og blomstrende sprog underbygges af Lea Hebsgaard Andersens s\u00e6rdeles stemningsm\u00e6ttede billedside, der til alt held f\u00e5r lov til at fylde i bogen.&#8221;<br><strong>S\u00f8ren Fan\u00f8, <a href=\"http:\/\/bogbotten.dk\/boganmeldelse\/ranuknus\/\" target=\"_blank\" rel=\"noreferrer noopener\">Bogbotten<\/a><\/strong><\/p>\n\n\n\n<hr class=\"wp-block-separator\"\/>\n\n\n\n<p><strong>OMTALER FRA DEN DIGITALE MOTORVEJ<\/strong><\/p>\n\n\n\n<p>&#8220;Kr\u00f8llet og sk\u00f8n.&#8221;<br><strong>@boernebognanza, Sarah H\u00f8jmark Mardahl<\/strong><\/p>\n\n\n\n<p>&#8220;Ranuknus er en bog, der er gjort af dr\u00f8mmestof. Den er bl\u00f8d og rar som mulen p\u00e5 en pony ved navn Jytte.  Og den er dyb og fuld af l\u00e6ngsel som den funklende, uendelige stjernehimmel.&#8221;<br><a href=\"https:\/\/gramhir.com\/profile\/viborgbibliotekerne\/321758156\"><strong>@viborgbibliotekerne<\/strong><\/a><\/p>\n\n\n\n<p>&#8220;En finurlig og s\u00f8d historie om at finde ud af g\u00f8re noget for andre kan f\u00f8les lige s\u00e5 godt som at g\u00f8re noget for en selv.&#8221;<br><strong>@1000boger<\/strong><\/p>\n\n\n\n<p>&#8220;Ranuknus er florlet og smuk som en dejlig varm sommerdag. En utrolig fin bog om venskab, et rigt indre liv og om at g\u00f8re noget godt for andre.&#8221;<br><strong>@ditte_dalsgaard<\/strong><\/p>\n","protected":false},"excerpt":{"rendered":"<p>&#8220;Sikke en bog!&#8221;POLITIKEN Nogle dr\u00f8mme er helt hen i vejret mens andre er helt nede p\u00e5 jorden. RANUKNUS er en historie om planeter og ponyer &#8211; og om hvordan forskellige dr\u00f8mme kan m\u00f8des. Illustreret af Lea Hebsgaard Andersen. Jensen &amp; Dalgaard, 2020 &#8220;Fantasien kan ikke t\u00f8jles og galopperer derudaf hos Zenia Johnsen&#8221;LITTERATURSIDEN ANMELDELSER &#8220;Et svitsende angreb p\u00e5 l\u00e6nker.&#8221;&#8220;\u2026st\u00e6rkt beriget lukker man den forunderlige historie.&#8221;Steffen Larsen, Politiken &#8220;S\u00e6regen og r\u00f8rende historie om store dr\u00f8mme og et umage venskab.&#8221; &#8220;Zenia Johnsens sprog er blomstrende i en underfundig humoristisk tone, og historien ledsages af Lea Hebsgaard Andersens billedside i s\u00e6rklasse&#8221;Line Hoffgaard, Litteratursiden &#8220;En\u2026<\/p>\n","protected":false},"author":2,"featured_media":0,"parent":3159,"menu_order":0,"comment_status":"closed","ping_status":"closed","template":"","meta":{"footnotes":"","_links_to":"","_links_to_target":""},"class_list":["post-3988","page","type-page","status-publish","hentry"],"blocksy_meta":"","jetpack_sharing_enabled":true,"_links":{"self":[{"href":"https:\/\/zenia.dk\/index.php?rest_route=\/wp\/v2\/pages\/3988","targetHints":{"allow":["GET"]}}],"collection":[{"href":"https:\/\/zenia.dk\/index.php?rest_route=\/wp\/v2\/pages"}],"about":[{"href":"https:\/\/zenia.dk\/index.php?rest_route=\/wp\/v2\/types\/page"}],"author":[{"embeddable":true,"href":"https:\/\/zenia.dk\/index.php?rest_route=\/wp\/v2\/users\/2"}],"replies":[{"embeddable":true,"href":"https:\/\/zenia.dk\/index.php?rest_route=%2Fwp%2Fv2%2Fcomments&post=3988"}],"version-history":[{"count":11,"href":"https:\/\/zenia.dk\/index.php?rest_route=\/wp\/v2\/pages\/3988\/revisions"}],"predecessor-version":[{"id":4061,"href":"https:\/\/zenia.dk\/index.php?rest_route=\/wp\/v2\/pages\/3988\/revisions\/4061"}],"up":[{"embeddable":true,"href":"https:\/\/zenia.dk\/index.php?rest_route=\/wp\/v2\/pages\/3159"}],"wp:attachment":[{"href":"https:\/\/zenia.dk\/index.php?rest_route=%2Fwp%2Fv2%2Fmedia&parent=3988"}],"curies":[{"name":"wp","href":"https:\/\/api.w.org\/{rel}","templated":true}]}}