{"id":3916,"date":"2025-05-17T11:59:19","date_gmt":"2025-05-17T10:59:19","guid":{"rendered":"http:\/\/zenia.dk\/?page_id=3916"},"modified":"2025-05-17T11:59:20","modified_gmt":"2025-05-17T10:59:20","slug":"fuglealfabetet","status":"publish","type":"page","link":"https:\/\/zenia.dk\/?page_id=3916","title":{"rendered":"FUGLEALFABETET"},"content":{"rendered":"\n<div class=\"wp-block-image align-wrap-left alignwide\"><figure class=\"alignleft size-large is-resized\"><img loading=\"lazy\" decoding=\"async\" src=\"http:\/\/zenia.dk\/wp-content\/uploads\/IMG_20190708_090021-01-783x1024.jpeg\" alt=\"\" class=\"wp-image-3917\" width=\"340\" height=\"444\" srcset=\"https:\/\/zenia.dk\/wp-content\/uploads\/IMG_20190708_090021-01-783x1024.jpeg 783w, https:\/\/zenia.dk\/wp-content\/uploads\/IMG_20190708_090021-01-229x300.jpeg 229w, https:\/\/zenia.dk\/wp-content\/uploads\/IMG_20190708_090021-01-768x1005.jpeg 768w, https:\/\/zenia.dk\/wp-content\/uploads\/IMG_20190708_090021-01-1174x1536.jpeg 1174w, https:\/\/zenia.dk\/wp-content\/uploads\/IMG_20190708_090021-01-1566x2048.jpeg 1566w, https:\/\/zenia.dk\/wp-content\/uploads\/IMG_20190708_090021-01-scaled.jpeg 1957w\" sizes=\"auto, (max-width: 340px) 100vw, 340px\" \/><figcaption><sup>\u00a9Zenia Johnsen<\/sup><\/figcaption><\/figure><\/div>\n\n\n\n<p><strong>Muren, datokort og fuglene<\/strong><br><br>En juniaften i 2012 faldt jeg ned af en trappe og slog hovedet ind i en betonmur. <br>Bagefter kunne jeg ikke l\u00e6se i flere \u00e5r. Det var en m\u00e6rkelig og skummel tid. N\u00e5r man ikke kan l\u00e6se er der egentlig ikke s\u00e5 meget andet at lave, t\u00e6nkte jeg. Men man kan da altid kigge p\u00e5 fugle. S\u00e5 det gjorde jeg en del. <br><br>I en skuffe fandt jeg en dag en bunke gamle kasserede datokort fra biblioteket. Datokort sad bag i biblioteksb\u00f8ger indtil for ca. 25 \u00e5r siden. Det var her man stemplede dato og skrev l\u00e5nernummer n\u00e5r en bog blev l\u00e5nt ud. Datokortene er for l\u00e6ngst blevet helt erstattet af RFID-chips.<br><br>Jeg havde sv\u00e6rt ved at give slip p\u00e5 datokortene, det var ogs\u00e5 derfor jeg allerede havde nogle i skuffen. Datokort er sm\u00e5 logb\u00f8ger over levet og l\u00e6st liv. De er meget konkrete men samtidig er de forg\u00e6ngelige og har ikke l\u00e6ngere umiddelbart betydning for nogen. <br>Det var derfor jeg besluttede at lade fuglene flytte ind p\u00e5 dem. Fugle er frie og flygtige &#8211; der er forsvundet milliarder af fugle p\u00e5 himlen de seneste 40 \u00e5r, det l\u00e6ste jeg da jeg begyndte at kunne l\u00e6se igen.  <br><br>Jeg begyndte p\u00e5 mit fuglealfabet i juni 2015 og jeg er stadig i gang.<\/p>\n\n\n\n<p>Allike, juni, 2015, aug, 2023<br>Allike, aug, 2023<br>Bogfinke, juni, 2015<br>Citronsisken, juni, 2015<br>Dueh\u00f8g, juni, 2015<br>Edderfugl, juli, 2015<br>Ellekrage, december,2019<br>Flagsp\u00e6tte, august, 2015<br>Gr\u00f8nirisk, august, 2015<br>Havlit, august, 2015<br>Isfugl, september, 2015<br>Jernspurv, maj, 2016<br>Kernebider, august, 2017<br>Lille lappedykker, august, 2017<br>Mursejler, august, 2017<br>N\u00f8ddekrige, maj, 2018<br>Odinshane, juli, 2019<br>Pibeand, juli, 2019<br>Ravn, september, 2020<br>R\u00f8dk\u00e6lk, februar, 2019<br>Silkehale, juli, 2019<br>Tr\u00e6l\u00f8ber, juli, 2019<br>Urfugl, december, 2019<br>Vindrossel, december, 2019<br>Vipstjert, december, 2019<br>Wilsons stormsvale, december, 2019<\/p>\n\n\n\n<div class=\"wp-block-jetpack-tiled-gallery aligncenter is-style-rectangular\"><div class=\"tiled-gallery__gallery\"><div class=\"tiled-gallery__row\"><div class=\"tiled-gallery__col\" style=\"flex-basis:65.41552110916456%\"><figure class=\"tiled-gallery__item\"><img decoding=\"async\" srcset=\"https:\/\/i2.wp.com\/zenia.dk\/wp-content\/uploads\/wp-1614688831019.jpg?strip=info&#038;w=600 600w,https:\/\/i2.wp.com\/zenia.dk\/wp-content\/uploads\/wp-1614688831019.jpg?strip=info&#038;w=900 900w,https:\/\/i2.wp.com\/zenia.dk\/wp-content\/uploads\/wp-1614688831019.jpg?strip=info&#038;w=1080 1080w\" alt=\"\" data-height=\"1064\" data-id=\"3937\" data-link=\"http:\/\/zenia.dk\/?attachment_id=3937\" data-url=\"http:\/\/zenia.dk\/wp-content\/uploads\/wp-1614688831019.jpg\" data-width=\"1080\" src=\"https:\/\/i2.wp.com\/zenia.dk\/wp-content\/uploads\/wp-1614688831019.jpg\" layout=\"responsive\"\/><\/figure><\/div><div class=\"tiled-gallery__col\" style=\"flex-basis:34.58447889083543%\"><figure class=\"tiled-gallery__item\"><img decoding=\"async\" srcset=\"https:\/\/i1.wp.com\/zenia.dk\/wp-content\/uploads\/wp-1614688831068.jpg?strip=info&#038;w=600 600w,https:\/\/i1.wp.com\/zenia.dk\/wp-content\/uploads\/wp-1614688831068.jpg?strip=info&#038;w=900 900w,https:\/\/i1.wp.com\/zenia.dk\/wp-content\/uploads\/wp-1614688831068.jpg?strip=info&#038;w=1080 1080w\" alt=\"\" data-height=\"964\" data-id=\"3936\" data-link=\"http:\/\/zenia.dk\/?attachment_id=3936\" data-url=\"http:\/\/zenia.dk\/wp-content\/uploads\/wp-1614688831068.jpg\" data-width=\"1080\" src=\"https:\/\/i1.wp.com\/zenia.dk\/wp-content\/uploads\/wp-1614688831068.jpg\" layout=\"responsive\"\/><\/figure><figure class=\"tiled-gallery__item\"><img decoding=\"async\" srcset=\"https:\/\/i1.wp.com\/zenia.dk\/wp-content\/uploads\/wp-1614688831090.jpg?strip=info&#038;w=600 600w,https:\/\/i1.wp.com\/zenia.dk\/wp-content\/uploads\/wp-1614688831090.jpg?strip=info&#038;w=900 900w,https:\/\/i1.wp.com\/zenia.dk\/wp-content\/uploads\/wp-1614688831090.jpg?strip=info&#038;w=1080 1080w\" alt=\"\" data-height=\"1040\" data-id=\"3935\" data-link=\"http:\/\/zenia.dk\/?attachment_id=3935\" data-url=\"http:\/\/zenia.dk\/wp-content\/uploads\/wp-1614688831090.jpg\" data-width=\"1080\" src=\"https:\/\/i1.wp.com\/zenia.dk\/wp-content\/uploads\/wp-1614688831090.jpg\" layout=\"responsive\"\/><\/figure><\/div><\/div><div class=\"tiled-gallery__row\"><div class=\"tiled-gallery__col\" style=\"flex-basis:33.45515456883947%\"><figure class=\"tiled-gallery__item\"><img decoding=\"async\" srcset=\"https:\/\/i1.wp.com\/zenia.dk\/wp-content\/uploads\/wp-1614688831043.jpg?strip=info&#038;w=600 600w,https:\/\/i1.wp.com\/zenia.dk\/wp-content\/uploads\/wp-1614688831043.jpg?strip=info&#038;w=900 900w,https:\/\/i1.wp.com\/zenia.dk\/wp-content\/uploads\/wp-1614688831043.jpg?strip=info&#038;w=1080 1080w\" alt=\"\" data-height=\"1068\" data-id=\"3934\" data-link=\"http:\/\/zenia.dk\/?attachment_id=3934\" data-url=\"http:\/\/zenia.dk\/wp-content\/uploads\/wp-1614688831043.jpg\" data-width=\"1080\" src=\"https:\/\/i1.wp.com\/zenia.dk\/wp-content\/uploads\/wp-1614688831043.jpg\" layout=\"responsive\"\/><\/figure><figure class=\"tiled-gallery__item\"><img decoding=\"async\" srcset=\"https:\/\/i0.wp.com\/zenia.dk\/wp-content\/uploads\/wp-1614688830974.jpg?strip=info&#038;w=600 600w,https:\/\/i0.wp.com\/zenia.dk\/wp-content\/uploads\/wp-1614688830974.jpg?strip=info&#038;w=900 900w,https:\/\/i0.wp.com\/zenia.dk\/wp-content\/uploads\/wp-1614688830974.jpg?strip=info&#038;w=1080 1080w\" alt=\"\" data-height=\"1056\" data-id=\"3933\" data-link=\"http:\/\/zenia.dk\/?attachment_id=3933\" data-url=\"http:\/\/zenia.dk\/wp-content\/uploads\/wp-1614688830974.jpg\" data-width=\"1080\" src=\"https:\/\/i0.wp.com\/zenia.dk\/wp-content\/uploads\/wp-1614688830974.jpg\" layout=\"responsive\"\/><\/figure><\/div><div class=\"tiled-gallery__col\" style=\"flex-basis:66.54484543116054%\"><figure class=\"tiled-gallery__item\"><img decoding=\"async\" srcset=\"https:\/\/i1.wp.com\/zenia.dk\/wp-content\/uploads\/wp-1614688830877.jpg?strip=info&#038;w=600 600w,https:\/\/i1.wp.com\/zenia.dk\/wp-content\/uploads\/wp-1614688830877.jpg?strip=info&#038;w=900 900w,https:\/\/i1.wp.com\/zenia.dk\/wp-content\/uploads\/wp-1614688830877.jpg?strip=info&#038;w=1080 1080w\" alt=\"\" data-height=\"1072\" data-id=\"3925\" data-link=\"http:\/\/zenia.dk\/?attachment_id=3925\" data-url=\"http:\/\/zenia.dk\/wp-content\/uploads\/wp-1614688830877.jpg\" data-width=\"1080\" src=\"https:\/\/i1.wp.com\/zenia.dk\/wp-content\/uploads\/wp-1614688830877.jpg\" layout=\"responsive\"\/><\/figure><\/div><\/div><div class=\"tiled-gallery__row\"><div class=\"tiled-gallery__col\" style=\"flex-basis:49.882546198694975%\"><figure class=\"tiled-gallery__item\"><img decoding=\"async\" srcset=\"https:\/\/i1.wp.com\/zenia.dk\/wp-content\/uploads\/wp-1614688830901.jpg?strip=info&#038;w=600 600w,https:\/\/i1.wp.com\/zenia.dk\/wp-content\/uploads\/wp-1614688830901.jpg?strip=info&#038;w=900 900w,https:\/\/i1.wp.com\/zenia.dk\/wp-content\/uploads\/wp-1614688830901.jpg?strip=info&#038;w=1080 1080w\" alt=\"\" data-height=\"1064\" data-id=\"3930\" data-link=\"http:\/\/zenia.dk\/?attachment_id=3930\" data-url=\"http:\/\/zenia.dk\/wp-content\/uploads\/wp-1614688830901.jpg\" data-width=\"1080\" src=\"https:\/\/i1.wp.com\/zenia.dk\/wp-content\/uploads\/wp-1614688830901.jpg\" layout=\"responsive\"\/><\/figure><\/div><div class=\"tiled-gallery__col\" style=\"flex-basis:50.11745380130503%\"><figure class=\"tiled-gallery__item\"><img decoding=\"async\" srcset=\"https:\/\/i2.wp.com\/zenia.dk\/wp-content\/uploads\/wp-1614688830930.jpg?strip=info&#038;w=600 600w,https:\/\/i2.wp.com\/zenia.dk\/wp-content\/uploads\/wp-1614688830930.jpg?strip=info&#038;w=900 900w,https:\/\/i2.wp.com\/zenia.dk\/wp-content\/uploads\/wp-1614688830930.jpg?strip=info&#038;w=1080 1080w\" alt=\"\" data-height=\"1059\" data-id=\"3929\" data-link=\"http:\/\/zenia.dk\/?attachment_id=3929\" data-url=\"http:\/\/zenia.dk\/wp-content\/uploads\/wp-1614688830930.jpg\" data-width=\"1080\" src=\"https:\/\/i2.wp.com\/zenia.dk\/wp-content\/uploads\/wp-1614688830930.jpg\" layout=\"responsive\"\/><\/figure><\/div><\/div><div class=\"tiled-gallery__row\"><div class=\"tiled-gallery__col\" style=\"flex-basis:49.859253812084745%\"><figure class=\"tiled-gallery__item\"><img decoding=\"async\" srcset=\"https:\/\/i0.wp.com\/zenia.dk\/wp-content\/uploads\/wp-1614688830952.jpg?strip=info&#038;w=600 600w,https:\/\/i0.wp.com\/zenia.dk\/wp-content\/uploads\/wp-1614688830952.jpg?strip=info&#038;w=900 900w,https:\/\/i0.wp.com\/zenia.dk\/wp-content\/uploads\/wp-1614688830952.jpg?strip=info&#038;w=1080 1080w\" alt=\"\" data-height=\"1066\" data-id=\"3931\" data-link=\"http:\/\/zenia.dk\/?attachment_id=3931\" data-url=\"http:\/\/zenia.dk\/wp-content\/uploads\/wp-1614688830952.jpg\" data-width=\"1080\" src=\"https:\/\/i0.wp.com\/zenia.dk\/wp-content\/uploads\/wp-1614688830952.jpg\" layout=\"responsive\"\/><\/figure><\/div><div class=\"tiled-gallery__col\" style=\"flex-basis:50.140746187915255%\"><figure class=\"tiled-gallery__item\"><img decoding=\"async\" srcset=\"https:\/\/i2.wp.com\/zenia.dk\/wp-content\/uploads\/wp-1614688830997.jpg?strip=info&#038;w=600 600w,https:\/\/i2.wp.com\/zenia.dk\/wp-content\/uploads\/wp-1614688830997.jpg?strip=info&#038;w=900 900w,https:\/\/i2.wp.com\/zenia.dk\/wp-content\/uploads\/wp-1614688830997.jpg?strip=info&#038;w=1080 1080w\" alt=\"\" data-height=\"1060\" data-id=\"3932\" data-link=\"http:\/\/zenia.dk\/?attachment_id=3932\" data-url=\"http:\/\/zenia.dk\/wp-content\/uploads\/wp-1614688830997.jpg\" data-width=\"1080\" src=\"https:\/\/i2.wp.com\/zenia.dk\/wp-content\/uploads\/wp-1614688830997.jpg\" layout=\"responsive\"\/><\/figure><\/div><\/div><div class=\"tiled-gallery__row\"><div class=\"tiled-gallery__col\" style=\"flex-basis:67.92600363559689%\"><figure class=\"tiled-gallery__item\"><img decoding=\"async\" srcset=\"https:\/\/i1.wp.com\/zenia.dk\/wp-content\/uploads\/wp-1614688830813.jpg?strip=info&#038;w=600 600w,https:\/\/i1.wp.com\/zenia.dk\/wp-content\/uploads\/wp-1614688830813.jpg?strip=info&#038;w=900 900w,https:\/\/i1.wp.com\/zenia.dk\/wp-content\/uploads\/wp-1614688830813.jpg?strip=info&#038;w=1080 1080w\" alt=\"\" data-height=\"1061\" data-id=\"3924\" data-link=\"http:\/\/zenia.dk\/?attachment_id=3924\" data-url=\"http:\/\/zenia.dk\/wp-content\/uploads\/wp-1614688830813.jpg\" data-width=\"1080\" src=\"https:\/\/i1.wp.com\/zenia.dk\/wp-content\/uploads\/wp-1614688830813.jpg\" layout=\"responsive\"\/><\/figure><\/div><div class=\"tiled-gallery__col\" style=\"flex-basis:32.07399636440312%\"><figure class=\"tiled-gallery__item\"><img decoding=\"async\" srcset=\"https:\/\/i0.wp.com\/zenia.dk\/wp-content\/uploads\/wp-1614688830834.jpg?strip=info&#038;w=600 600w,https:\/\/i0.wp.com\/zenia.dk\/wp-content\/uploads\/wp-1614688830834.jpg?strip=info&#038;w=900 900w,https:\/\/i0.wp.com\/zenia.dk\/wp-content\/uploads\/wp-1614688830834.jpg?strip=info&#038;w=1080 1080w\" alt=\"\" data-height=\"1057\" data-id=\"3928\" data-link=\"http:\/\/zenia.dk\/?attachment_id=3928\" data-url=\"http:\/\/zenia.dk\/wp-content\/uploads\/wp-1614688830834.jpg\" data-width=\"1080\" src=\"https:\/\/i0.wp.com\/zenia.dk\/wp-content\/uploads\/wp-1614688830834.jpg\" layout=\"responsive\"\/><\/figure><figure class=\"tiled-gallery__item\"><img decoding=\"async\" srcset=\"https:\/\/i0.wp.com\/zenia.dk\/wp-content\/uploads\/wp-1614688830766.jpg?strip=info&#038;w=600 600w,https:\/\/i0.wp.com\/zenia.dk\/wp-content\/uploads\/wp-1614688830766.jpg?strip=info&#038;w=900 900w,https:\/\/i0.wp.com\/zenia.dk\/wp-content\/uploads\/wp-1614688830766.jpg?strip=info&#038;w=1080 1080w\" alt=\"\" data-height=\"1182\" data-id=\"3927\" data-link=\"http:\/\/zenia.dk\/?attachment_id=3927\" data-url=\"http:\/\/zenia.dk\/wp-content\/uploads\/wp-1614688830766.jpg\" data-width=\"1080\" src=\"https:\/\/i0.wp.com\/zenia.dk\/wp-content\/uploads\/wp-1614688830766.jpg\" layout=\"responsive\"\/><\/figure><\/div><\/div><div class=\"tiled-gallery__row\"><div class=\"tiled-gallery__col\" style=\"flex-basis:47.0454241064156%\"><figure class=\"tiled-gallery__item\"><img decoding=\"async\" srcset=\"https:\/\/i2.wp.com\/zenia.dk\/wp-content\/uploads\/wp-1614688830853.jpg?strip=info&#038;w=600 600w,https:\/\/i2.wp.com\/zenia.dk\/wp-content\/uploads\/wp-1614688830853.jpg?strip=info&#038;w=900 900w,https:\/\/i2.wp.com\/zenia.dk\/wp-content\/uploads\/wp-1614688830853.jpg?strip=info&#038;w=1080 1080w\" alt=\"\" data-height=\"1216\" data-id=\"3926\" data-link=\"http:\/\/zenia.dk\/?attachment_id=3926\" data-url=\"http:\/\/zenia.dk\/wp-content\/uploads\/wp-1614688830853.jpg\" data-width=\"1080\" src=\"https:\/\/i2.wp.com\/zenia.dk\/wp-content\/uploads\/wp-1614688830853.jpg\" layout=\"responsive\"\/><\/figure><\/div><div class=\"tiled-gallery__col\" style=\"flex-basis:52.9545758935844%\"><figure class=\"tiled-gallery__item\"><img decoding=\"async\" srcset=\"https:\/\/i0.wp.com\/zenia.dk\/wp-content\/uploads\/wpid-img_20150907_185402.jpg?strip=info&#038;w=600 600w\" alt=\"\" data-height=\"600\" data-id=\"3316\" data-link=\"http:\/\/zenia.dk\/?attachment_id=3316\" data-url=\"http:\/\/zenia.dk\/wp-content\/uploads\/wpid-img_20150907_185402.jpg\" data-width=\"600\" src=\"https:\/\/i0.wp.com\/zenia.dk\/wp-content\/uploads\/wpid-img_20150907_185402.jpg\" layout=\"responsive\"\/><\/figure><\/div><\/div><\/div><\/div>\n\n\n\n<p><\/p>\n","protected":false},"excerpt":{"rendered":"<p>Muren, datokort og fuglene En juniaften i 2012 faldt jeg ned af en trappe og slog hovedet ind i en betonmur. Bagefter kunne jeg ikke l\u00e6se i flere \u00e5r. Det var en m\u00e6rkelig og skummel tid. N\u00e5r man ikke kan l\u00e6se er der egentlig ikke s\u00e5 meget andet at lave, t\u00e6nkte jeg. Men man kan da altid kigge p\u00e5 fugle. S\u00e5 det gjorde jeg en del. I en skuffe fandt jeg en dag en bunke gamle kasserede datokort fra biblioteket. Datokort sad bag i biblioteksb\u00f8ger indtil for ca. 25 \u00e5r siden. Det var her man stemplede dato og skrev l\u00e5nernummer\u2026<\/p>\n","protected":false},"author":2,"featured_media":0,"parent":3913,"menu_order":0,"comment_status":"closed","ping_status":"closed","template":"","meta":{"footnotes":"","_links_to":"","_links_to_target":""},"class_list":["post-3916","page","type-page","status-publish","hentry"],"blocksy_meta":"","jetpack_sharing_enabled":true,"_links":{"self":[{"href":"https:\/\/zenia.dk\/index.php?rest_route=\/wp\/v2\/pages\/3916","targetHints":{"allow":["GET"]}}],"collection":[{"href":"https:\/\/zenia.dk\/index.php?rest_route=\/wp\/v2\/pages"}],"about":[{"href":"https:\/\/zenia.dk\/index.php?rest_route=\/wp\/v2\/types\/page"}],"author":[{"embeddable":true,"href":"https:\/\/zenia.dk\/index.php?rest_route=\/wp\/v2\/users\/2"}],"replies":[{"embeddable":true,"href":"https:\/\/zenia.dk\/index.php?rest_route=%2Fwp%2Fv2%2Fcomments&post=3916"}],"version-history":[{"count":11,"href":"https:\/\/zenia.dk\/index.php?rest_route=\/wp\/v2\/pages\/3916\/revisions"}],"predecessor-version":[{"id":5257,"href":"https:\/\/zenia.dk\/index.php?rest_route=\/wp\/v2\/pages\/3916\/revisions\/5257"}],"up":[{"embeddable":true,"href":"https:\/\/zenia.dk\/index.php?rest_route=\/wp\/v2\/pages\/3913"}],"wp:attachment":[{"href":"https:\/\/zenia.dk\/index.php?rest_route=%2Fwp%2Fv2%2Fmedia&parent=3916"}],"curies":[{"name":"wp","href":"https:\/\/api.w.org\/{rel}","templated":true}]}}