{"id":3661,"date":"2019-01-07T10:59:30","date_gmt":"2019-01-07T09:59:30","guid":{"rendered":"http:\/\/zenia.dk\/?page_id=3661"},"modified":"2021-08-24T14:34:13","modified_gmt":"2021-08-24T13:34:13","slug":"bjarne-blaeser-bort","status":"publish","type":"page","link":"https:\/\/zenia.dk\/?page_id=3661","title":{"rendered":"BJARNE BL\u00c6SER V\u00c6K"},"content":{"rendered":"<p><img loading=\"lazy\" decoding=\"async\" class=\"alignleft size-medium wp-image-3777\" src=\"http:\/\/zenia.dk\/wp-content\/uploads\/wp-1612105023206-246x300.jpg\" alt=\"\" width=\"246\" height=\"300\" srcset=\"https:\/\/zenia.dk\/wp-content\/uploads\/wp-1612105023206-246x300.jpg 246w, https:\/\/zenia.dk\/wp-content\/uploads\/wp-1612105023206-841x1024.jpg 841w, https:\/\/zenia.dk\/wp-content\/uploads\/wp-1612105023206-768x935.jpg 768w, https:\/\/zenia.dk\/wp-content\/uploads\/wp-1612105023206.jpg 988w\" sizes=\"auto, (max-width: 246px) 100vw, 246px\" \/><\/p>\n<blockquote>\n<h5><span style=\"color: #000000;\"><strong>&#8220;Zenia Johnsen skriver i en tone, som er sjov p\u00e5 en sk\u00f8n, n\u00e6rmest uventet m\u00e5de&#8221;<\/strong><\/span><br \/>\n<span style=\"color: #000000;\">INFORMATION<\/span><\/h5>\n<p><span style=\"color: #333333;\">\u201dBl\u00e6sten kan man ikke f\u00e5 at se,\u201d siger de voksne \u2013 men de har helt sikkert heller aldrig f\u00e5et en orkan lige i nakken. Det f\u00e5r Bjarne, en solsort der lever et godt liv i byen med de bedste skraldespande \u2026 alts\u00e5 lige til den der orkaaaaaa-a-a-n!<\/span><br \/>\n<span style=\"color: #333333;\">Knaldforn\u00f8jet billedbog om at blive bl\u00e6st ud af kurs og lande p\u00e5 rette gren (m\u00e5ske i en klimaforandret by).\u00a0<\/span><\/p>\n<p><span style=\"color: #333333;\">Illustreret af <a style=\"color: #333333;\" href=\"https:\/\/www.simonvaeth.dk\/\">Simon V\u00e6th<\/a>, som blev nomineret til World Illustration Awards 2019 for bogen.<\/span><br \/>\n<span style=\"color: #333333;\"><span style=\"font-size: inherit; background-color: var(--background-color); font-family: var(--fontFamily); font-style: var(--fontStyle, inherit); font-weight: var(--fontWeight); letter-spacing: var(--letterSpacing); text-transform: var(--textTransform);\">Udkom p\u00e5 <\/span><a style=\"font-size: inherit; background-color: var(--background-color); font-family: var(--fontFamily); font-style: var(--fontStyle, inherit); font-weight: var(--fontWeight); letter-spacing: var(--letterSpacing); text-transform: var(--textTransform); color: #333333;\" href=\"https:\/\/jensenogdalgaard.d\">Jensen &amp; Dalgaard<\/a><span style=\"font-size: inherit; background-color: var(--background-color); font-family: var(--fontFamily); font-style: var(--fontStyle, inherit); font-weight: var(--fontWeight); letter-spacing: var(--letterSpacing); text-transform: var(--textTransform);\">, januar 2019.<\/span><\/span><\/p>\n<h5><\/h5>\n<h5><span style=\"color: #000000;\">&#8220;BJARNE BL\u00c6SER V\u00c6K er bare s\u00e5 sk\u00e6g og s\u00e5 smukt illustreret!&#8221;<br \/>\nSTINESTREGEN<\/span><\/h5>\n<\/blockquote>\n<p><span style=\"color: #000000;\"><strong>ANMELDELSER<\/strong><\/span><\/p>\n<hr \/>\n<p><span style=\"color: #000000;\">&#8220;Historien om Bjarne er en lille k\u00e6rlig for\u00e5rsbebuder om forandring og forundring. Fortalt med overskud og glimt i \u00f8jet&#8221;<\/span><br \/>\n<span style=\"color: #000000;\"><strong>5 hjerter, Steffen Larsen, <a style=\"color: #000000;\" href=\"https:\/\/politiken.dk\/kultur\/boger\/art7039936\/Solsorten-Bjarne-m%C3%B8der-den-dejligste-solsortbrune-pige\">Politiken<\/a><\/strong><\/span><\/p>\n<hr \/>\n<p><span style=\"color: #000000;\">&#8220;I\u00a0<em class=\"m_2203970355349466345gmail-highlight m_2203970355349466345gmail-highlight_search\">Bjarne<\/em>\u00a0<em class=\"m_2203970355349466345gmail-highlight m_2203970355349466345gmail-highlight_search\">bl\u00e6ser<\/em>\u00a0<em class=\"m_2203970355349466345gmail-highlight m_2203970355349466345gmail-highlight_search\">v\u00e6k<\/em>\u00a0er der \u00f8mhed og humor i et roligt flow hele vejen gennem historien. Jeg sidder tilbage efter endt l\u00e6sning med en udstrakt f\u00f8lelse af taknemlighed.&#8221;<\/span><\/p>\n<p><span style=\"color: #000000;\">&#8220;Zenia Johnsen skriver i en tone, som er sjov p\u00e5 en sk\u00f8n, n\u00e6rmest uventet m\u00e5de&#8221;<\/span><br \/>\n<span style=\"color: #000000;\"><strong style=\"font-size: inherit; background-color: var(--background-color); font-family: var(--fontFamily); font-style: var(--fontStyle, inherit); letter-spacing: var(--letterSpacing); text-transform: var(--textTransform);\">Marianne Eskeb\u00e6k Larsen, <a style=\"color: #000000;\" href=\"https:\/\/www.information.dk\/kultur\/anmeldelse\/2019\/02\/blaest\">Information<\/a><\/strong><\/span><\/p>\n<hr \/>\n<p><span style=\"color: #000000;\">&#8220;En klar favorit p\u00e5 b\u00f8rnehylden.&#8221;<\/span><\/p>\n<p><span style=\"color: #000000;\">&#8220;B\u00f8rnene vil elske denne bog, hvor sproget er enkelt, humoristisk og billedskabende, som fort\u00e6ller en underholdende historie om en solsort, der uventet kommer p\u00e5 afveje og finder lykken, hvor han mindst venter det.&#8221;<\/span><br \/>\n<span style=\"color: #000000;\"><strong style=\"font-size: inherit; background-color: var(--background-color); font-family: var(--fontFamily); font-style: var(--fontStyle, inherit); letter-spacing: var(--letterSpacing); text-transform: var(--textTransform);\">Pia Bechmann, <a style=\"color: #000000;\" href=\"https:\/\/politiken.dk\/kultur\/boger\/art7039936\/Solsorten-Bjarne-m%C3%B8der-den-dejligste-solsortbrune-pige\">Litteratursiden.dk<\/a><\/strong><\/span><\/p>\n<hr \/>\n<p><span style=\"color: #000000;\">&#8220;Helt igennem l\u00e6kker billedbog med et forrygende billedsprog og en rigtig god historie&#8230;&#8221;<\/span><br \/>\n<span style=\"color: #000000;\">&#8220;Flotte farverige og ekspressive illustrationer som underst\u00f8tter historiens fort\u00e6lling.&#8221;<\/span><br \/>\n<span style=\"color: #000000;\">&#8220;Anbefales varmt, er &#8220;pip-br\u00f8lende&#8221; vild med billedsproget og den fine historie.&#8221;<\/span><br \/>\n<span style=\"color: #000000;\"><strong>Helle Laursen, lekt\u00f8rudtalelse, Dansk Bibliotekscenter<br \/>\n<\/strong><\/span><\/p>\n<hr \/>\n<p><span style=\"color: #000000;\">&#8220;Den er ret sk\u00f8r fort\u00e6llingen om Bjarne. Og ret sjov. Og til sidst n\u00e6rmest helt poetisk. Zenia Johnson charmerer som altid med sin sk\u00e6ve og underspillede humoristiske tilgang til b\u00f8rnebogsmediet. Her bliver leget med sproget og vores forestillinger om solsorte.&#8221;<\/span><br \/>\n<span style=\"color: #000000;\"><strong style=\"font-size: inherit; background-color: var(--background-color); font-family: var(--fontFamily); font-style: var(--fontStyle, inherit); letter-spacing: var(--letterSpacing); text-transform: var(--textTransform);\">Pia Dalsgaard, <a style=\"color: #000000;\" href=\"http:\/\/www.bornenesboger.dk\/2019\/02\/16\/anmeldelse-bjarne-blaeser-vaek\/\">B\u00f8rnenes b\u00f8ger<\/a><\/strong><\/span><\/p>\n<hr \/>\n<p><span style=\"color: #000000;\"><strong>Bjarne bl\u00e6ser v\u00e6k<\/strong> p\u00e5 <a style=\"color: #000000;\" href=\"https:\/\/www.goodreads.com\/book\/show\/43492357-bjarne-bl-ser-v-k?from_search=true\">Goodreads<\/a><\/span><\/p>\n","protected":false},"excerpt":{"rendered":"<p>&#8220;Zenia Johnsen skriver i en tone, som er sjov p\u00e5 en sk\u00f8n, n\u00e6rmest uventet m\u00e5de&#8221; INFORMATION \u201dBl\u00e6sten kan man ikke f\u00e5 at se,\u201d siger de voksne \u2013 men de har helt sikkert heller aldrig f\u00e5et en orkan lige i nakken. Det f\u00e5r Bjarne, en solsort der lever et godt liv i byen med de bedste skraldespande \u2026 alts\u00e5 lige til den der orkaaaaaa-a-a-n! Knaldforn\u00f8jet billedbog om at blive bl\u00e6st ud af kurs og lande p\u00e5 rette gren (m\u00e5ske i en klimaforandret by).\u00a0 Illustreret af Simon V\u00e6th, som blev nomineret til World Illustration Awards 2019 for bogen. Udkom p\u00e5 Jensen &amp;\u2026<\/p>\n","protected":false},"author":2,"featured_media":0,"parent":3159,"menu_order":0,"comment_status":"closed","ping_status":"closed","template":"","meta":{"footnotes":"","_links_to":"","_links_to_target":""},"class_list":["post-3661","page","type-page","status-publish","hentry"],"blocksy_meta":"","jetpack_sharing_enabled":true,"_links":{"self":[{"href":"https:\/\/zenia.dk\/index.php?rest_route=\/wp\/v2\/pages\/3661","targetHints":{"allow":["GET"]}}],"collection":[{"href":"https:\/\/zenia.dk\/index.php?rest_route=\/wp\/v2\/pages"}],"about":[{"href":"https:\/\/zenia.dk\/index.php?rest_route=\/wp\/v2\/types\/page"}],"author":[{"embeddable":true,"href":"https:\/\/zenia.dk\/index.php?rest_route=\/wp\/v2\/users\/2"}],"replies":[{"embeddable":true,"href":"https:\/\/zenia.dk\/index.php?rest_route=%2Fwp%2Fv2%2Fcomments&post=3661"}],"version-history":[{"count":20,"href":"https:\/\/zenia.dk\/index.php?rest_route=\/wp\/v2\/pages\/3661\/revisions"}],"predecessor-version":[{"id":3869,"href":"https:\/\/zenia.dk\/index.php?rest_route=\/wp\/v2\/pages\/3661\/revisions\/3869"}],"up":[{"embeddable":true,"href":"https:\/\/zenia.dk\/index.php?rest_route=\/wp\/v2\/pages\/3159"}],"wp:attachment":[{"href":"https:\/\/zenia.dk\/index.php?rest_route=%2Fwp%2Fv2%2Fmedia&parent=3661"}],"curies":[{"name":"wp","href":"https:\/\/api.w.org\/{rel}","templated":true}]}}