{"id":3606,"date":"2018-09-17T08:44:13","date_gmt":"2018-09-17T07:44:13","guid":{"rendered":"http:\/\/zenia.dk\/?page_id=3606"},"modified":"2023-02-06T09:31:37","modified_gmt":"2023-02-06T08:31:37","slug":"jeg-er-albert-storm","status":"publish","type":"page","link":"https:\/\/zenia.dk\/?page_id=3606","title":{"rendered":"JEG ER ALBERT STORM"},"content":{"rendered":"<p><img loading=\"lazy\" decoding=\"async\" class=\"alignleft size-medium wp-image-3776\" src=\"http:\/\/zenia.dk\/wp-content\/uploads\/wp-1612105023276-210x300.jpg\" alt=\"\" width=\"210\" height=\"300\" srcset=\"https:\/\/zenia.dk\/wp-content\/uploads\/wp-1612105023276-210x300.jpg 210w, https:\/\/zenia.dk\/wp-content\/uploads\/wp-1612105023276-717x1024.jpg 717w, https:\/\/zenia.dk\/wp-content\/uploads\/wp-1612105023276-768x1096.jpg 768w, https:\/\/zenia.dk\/wp-content\/uploads\/wp-1612105023276.jpg 983w\" sizes=\"auto, (max-width: 210px) 100vw, 210px\" \/><\/p>\n<h5><span style=\"color: #000000;\">&#8220;Zenia Johnsen har et levende legende sprog, og sin helt egen fort\u00e6llestil som bare fungerer fra start til slut.&#8221;<br \/>LITTERATURSIDEN<\/span><\/h5>\n<p><span style=\"color: #333333;\">P\u00e5 en \u00f8 bor Albert Storm og hans bror Benjamin. Men Benjamin er forsvundet. M\u00e5ske kidnappet? Og en dag forsvinder et helt hus. Albert s\u00f8ger hj\u00e6lp hos veninden Annika og p\u00e5 nettet hos radikalteori.nu. Men er der noget overnaturligt p\u00e5 spil, er folk p\u00e5 \u00f8en ved at blive gale, eller &#8230;?<\/span><\/p>\n<p><span style=\"color: #333333;\">En dr\u00f8mmende, dramatisk historie, der spr\u00e6nger realplanet og leger lige s\u00e5 meget med sin l\u00e6ser som med Albert Storm. Det er til at smage salten i luften.<\/span><\/p>\n<p><span style=\"color: #333333;\">Udkom 2018 p\u00e5 forlaget<a style=\"color: #333333;\" href=\"https:\/\/jensenogdalgaard.dk\/prestashop\/romaner-for-unge\/307-jd.html\"> Jensen &amp; Dalgaard<\/a><\/span><\/p>\n<hr \/>\n<p><span style=\"color: #000000;\"><b>ANMELDELSER<\/b><\/span><\/p>\n<hr \/>\n<p><span style=\"color: #000000;\">&#8220;<strong>Jeg er Albert Storm<\/strong>\u00a0er en h\u00f8jtflyvende og helt aldeles fantastisk, og lidt spooky historie for l\u00e6sere i alle aldre. Zenia Johnsen har et levende legende sprog, og sin helt egen fort\u00e6llestil som bare fungerer fra start til slut.&#8221;<\/span><\/p>\n<p><span style=\"color: #000000;\">&#8220;Bogen er fremragende metafiktion&#8230;&#8221;<\/span><\/p>\n<p><span style=\"color: #000000;\">&#8220;En foruroligende og finurlig ungdomsroman med et filosofisk og eksistentielt twist.&#8221;<\/span><br \/><span style=\"color: #000000;\"><strong>Pia Bechmann &#8211;\u00a0<a style=\"color: #000000;\" href=\"https:\/\/litteratursiden.dk\/boeger\/jeg-er-albert-storm-maske-en-histori\" target=\"_blank\" rel=\"noopener noreferrer\">Litteratursiden.dk<\/a><\/strong><\/span><\/p>\n<hr \/>\n<p><span style=\"color: #000000;\">&#8220;<em>Jeg er Albert Storm<\/em> er en flyvsk fort\u00e6lling. Den er sv\u00e6r at finde hoved og hale i, selv n\u00e5r den er slut. Men det g\u00f8r den ikke til en mindre god historie. Man skal bare v\u00e6re forberedt p\u00e5 at den ikke er som alle andre.&#8221;<\/span><\/p>\n<p><span style=\"color: #000000;\">&#8220;S\u00e5 hvis man gerne vil l\u00e6se en bog, der f\u00e5r en til at bruge hjernen, skal man l\u00e6se denne.&#8221;<\/span><\/p>\n<p><span style=\"color: #000000;\"><strong>Zeit-ung, Flensborg avis\u00a0<\/strong><\/span><\/p>\n<hr \/>\n<p><span style=\"color: #000000;\">&#8220;&#8230;til alle fra 12 \u00e5r og op, der har mod p\u00e5 en bog, der leger med ord, mening, erindring og ikke mindst l\u00e6seren selv.&#8221;<\/span><\/p>\n<p><span style=\"color: #000000;\"><strong>Pia Petersen, Roskilde Avis, Store l\u00e6seoplevelser i 2018<\/strong><\/span><\/p>\n<hr \/>\n<p><span style=\"color: #000000;\">&#8220;Til l\u00e6sere af fx Coraline, Sk\u00e6bnemageren og Poe. Fra ca. 13 \u00e5r og op. Ogs\u00e5 til voksne. 60.000 hjerter herfra!&#8221;<\/span><br \/><span style=\"color: #000000;\"><strong><a style=\"color: #000000;\" href=\"http:\/\/thejulesrules.dk\/\">Thejulesrules<\/a><\/strong><\/span><\/p>\n<hr \/>\n<p><span style=\"color: #000000;\">&#8220;Original gyser.&#8221;<\/span><\/p>\n<p><span style=\"color: #000000;\">&#8220;Stramt komponeret m\u00f8rk thriller for b\u00f8rn med et uigennemskueligt plot og en overraskende slutning. Bogens komposition og originale filosofiske overvejelser om livet vil ogs\u00e5 tiltale voksne l\u00e6sere.&#8221;<\/span><br \/><span style=\"color: #000000;\"><strong>Lotte Klemens Thomhave,<\/strong>\u00a0<strong>lekt\u00f8rudtalelse, Dansk Bibliotekscenter.<\/strong><\/span><\/p>\n<hr \/>\n<p style=\"text-align: left;\"><span style=\"color: #000000;\">&#8220;<strong>Jeg er Albert Storm<\/strong> er en helt us\u00e6dvanlig bog!&#8221;<\/span><\/p>\n<p><span style=\"color: #000000;\">&#8220;Bogen er forrygende sp\u00e6ndende, og man f\u00e5r ikke noget for\u00e6ret i forhold til at regne det hele ud. P\u00e5 den m\u00e5de kr\u00e6ver bogen noget af sin l\u00e6ser \u2013 og det m\u00e5 den godt. Jeg gl\u00e6der mig S\u00c5 meget til at snakke med andre om bogen, for jeg vil vide, hvordan DE opfattede dette og hint, og hvorn\u00e5r DE regnede det eller det ud.&#8221;<\/span><\/p>\n<p><span style=\"color: #000000;\">&#8220;Anbefales helt vildt varmt!&#8221;<\/span><br \/><span style=\"color: #000000;\"><strong style=\"font-size: inherit; background-color: var(--background-color); font-family: var(--fontFamily); font-style: var(--fontStyle, inherit); letter-spacing: var(--letterSpacing); text-transform: var(--textTransform);\">Louise Greiner &#8211; <a style=\"color: #000000;\" href=\"https:\/\/albertslundbibliotek.dk\/nyheder\/anbefalinger\/jeg-er-albert-storm-maaske-en-historie\">Albertslund Bibliotek<\/a><\/strong><\/span><\/p>\n<hr \/>\n<p><span style=\"color: #000000;\"><strong>L\u00e6seranmeldelser &#8211;\u00a0<a style=\"color: #000000;\" href=\"https:\/\/www.goodreads.com\/book\/show\/41578211-jeg-er-albert-storm?ac=1&amp;from_search=true#\" target=\"_blank\" rel=\"noopener noreferrer\">Goodreads<\/a><\/strong><\/span><\/p>\n<p><span style=\"color: #000000;\">P\u00e6dagogisk materiale udarbejdet af Martin Bach Poulsen findes <a style=\"color: #000000;\" href=\"https:\/\/hval.dk\/mitcfu\/materialeinfo.aspx?idnr=54769725&amp;cfuid=7\">her<\/a><br \/>Teksten til Susan von Magius&#8217; sang Storm findes <a href=\"https:\/\/susanvonmagius.dk\/lyrics\/storm\/\">her<\/a><\/span><\/p>\n<hr \/>\n\n\n<figure class=\"wp-block-embed is-type-video is-provider-youtube wp-block-embed-youtube wp-embed-aspect-16-9 wp-has-aspect-ratio\"><div class=\"wp-block-embed__wrapper\">\n<iframe loading=\"lazy\" title=\"Susan von Magius - Storm\" width=\"1290\" height=\"726\" src=\"https:\/\/www.youtube.com\/embed\/02HKRIo-Arg?feature=oembed\" frameborder=\"0\" allow=\"accelerometer; autoplay; clipboard-write; encrypted-media; gyroscope; picture-in-picture\" allowfullscreen><\/iframe>\n<\/div><figcaption>STORM &#8211; skrevet og sunget af<a href=\"https:\/\/susanvonmagius.dk\/\" target=\"_blank\" rel=\"noreferrer noopener\"> Susan von Magius<\/a><\/figcaption><\/figure>\n","protected":false},"excerpt":{"rendered":"<p>&#8220;Zenia Johnsen har et levende legende sprog, og sin helt egen fort\u00e6llestil som bare fungerer fra start til slut.&#8221;LITTERATURSIDEN P\u00e5 en \u00f8 bor Albert Storm og hans bror Benjamin. Men Benjamin er forsvundet. M\u00e5ske kidnappet? Og en dag forsvinder et helt hus. Albert s\u00f8ger hj\u00e6lp hos veninden Annika og p\u00e5 nettet hos radikalteori.nu. Men er der noget overnaturligt p\u00e5 spil, er folk p\u00e5 \u00f8en ved at blive gale, eller &#8230;? En dr\u00f8mmende, dramatisk historie, der spr\u00e6nger realplanet og leger lige s\u00e5 meget med sin l\u00e6ser som med Albert Storm. Det er til at smage salten i luften. Udkom 2018 p\u00e5\u2026<\/p>\n","protected":false},"author":2,"featured_media":0,"parent":3159,"menu_order":0,"comment_status":"closed","ping_status":"closed","template":"","meta":{"footnotes":"","_links_to":"","_links_to_target":""},"class_list":["post-3606","page","type-page","status-publish","hentry"],"blocksy_meta":"","jetpack_sharing_enabled":true,"_links":{"self":[{"href":"https:\/\/zenia.dk\/index.php?rest_route=\/wp\/v2\/pages\/3606","targetHints":{"allow":["GET"]}}],"collection":[{"href":"https:\/\/zenia.dk\/index.php?rest_route=\/wp\/v2\/pages"}],"about":[{"href":"https:\/\/zenia.dk\/index.php?rest_route=\/wp\/v2\/types\/page"}],"author":[{"embeddable":true,"href":"https:\/\/zenia.dk\/index.php?rest_route=\/wp\/v2\/users\/2"}],"replies":[{"embeddable":true,"href":"https:\/\/zenia.dk\/index.php?rest_route=%2Fwp%2Fv2%2Fcomments&post=3606"}],"version-history":[{"count":21,"href":"https:\/\/zenia.dk\/index.php?rest_route=\/wp\/v2\/pages\/3606\/revisions"}],"predecessor-version":[{"id":4835,"href":"https:\/\/zenia.dk\/index.php?rest_route=\/wp\/v2\/pages\/3606\/revisions\/4835"}],"up":[{"embeddable":true,"href":"https:\/\/zenia.dk\/index.php?rest_route=\/wp\/v2\/pages\/3159"}],"wp:attachment":[{"href":"https:\/\/zenia.dk\/index.php?rest_route=%2Fwp%2Fv2%2Fmedia&parent=3606"}],"curies":[{"name":"wp","href":"https:\/\/api.w.org\/{rel}","templated":true}]}}