{"id":3378,"date":"2016-05-01T08:21:37","date_gmt":"2016-05-01T07:21:37","guid":{"rendered":"http:\/\/zenia.dk\/?page_id=3378"},"modified":"2021-11-06T14:54:59","modified_gmt":"2021-11-06T13:54:59","slug":"jeg-elsker-dig-hest","status":"publish","type":"page","link":"https:\/\/zenia.dk\/?page_id=3378","title":{"rendered":"JEG ELSKER DIG, HEST!"},"content":{"rendered":"<p><img loading=\"lazy\" decoding=\"async\" class=\"alignleft size-medium wp-image-3778\" src=\"http:\/\/zenia.dk\/wp-content\/uploads\/wp-1612105023332-281x300.jpg\" alt=\"\" width=\"281\" height=\"300\" srcset=\"https:\/\/zenia.dk\/wp-content\/uploads\/wp-1612105023332-281x300.jpg 281w, https:\/\/zenia.dk\/wp-content\/uploads\/wp-1612105023332-768x821.jpg 768w, https:\/\/zenia.dk\/wp-content\/uploads\/wp-1612105023332.jpg 931w\" sizes=\"auto, (max-width: 281px) 100vw, 281px\" \/><\/p>\n<h5><span style=\"color: #000000;\">&#8220;Perle af en billedbog.&#8221;<\/span><br \/><span style=\"color: #000000;\">POLITIKEN<\/span><\/h5>\n<p><span style=\"color: #333333;\">Stine stikker af hjemmefra. Hun ved ikke helt, hvor hun er p\u00e5 vej hen, men da hun h\u00f8rer en h\u00f8j og varm lyd, som kommer ud af en hest, ved hun, at hun er n\u00e5et frem.<\/span><\/p>\n<p><span style=\"color: #333333;\">Illustreret af <a style=\"color: #333333;\" href=\"https:\/\/strictlystine.com\/\">StineStregen<\/a><\/span><\/p>\n<p><span style=\"color: #333333;\">2016, Gyldendal.<\/span><span style=\"color: #000000;\"><br \/><span style=\"color: #800000;\">UDSOLGT FRA FORLAGET<\/span><\/span><\/p>\n<p>\u00a0<\/p>\n<p><span style=\"color: #000000;\"><strong>ANMELDELSER<\/strong><\/span><\/p>\n<hr \/>\n<p><span style=\"color: #000000;\">&#8220;Zenia Johnsen og Stine Spedsbjerg har tegnet og skrevet Stine s\u00e5 dygtigt frem, at jeg f\u00f8ler det som om, det er mit hjerte, der ligger d\u00e9r helt gennemtygget i mudderp\u00f8len. Stines kropssprog og tekstens enkle metafor i dette antiklimatiske \u00f8jeblik b\u00e6rer \u00e5rtusinders fort\u00e6lling om ugeng\u00e6ldt k\u00e6rlighed i sig.&#8221;<\/span><br \/><span style=\"color: #000000;\"><strong>Anita Brask Rasmussen, <a style=\"color: #000000;\" href=\"https:\/\/www.information.dk\/kultur\/anmeldelse\/2016\/06\/turde-satse-hjerte\">Information<\/a><\/strong><\/span><\/p>\n<hr \/>\n<p><span style=\"color: #000000;\">&#8220;&#8230;perle af en billedbog.&#8221;<\/span><\/p>\n<p><span style=\"color: #000000;\">&#8220;&#8230;en klog og varm erindringer fra dengang, da verden var dirrende fuld af &#8216;\u00e5nde-\u00f8ffer&#8217;. Holdt i mild mol.&#8221;<\/span><br \/><span style=\"color: #000000;\"><strong style=\"font-size: inherit; background-color: var(--background-color); font-family: var(--fontFamily); font-style: var(--fontStyle, inherit); letter-spacing: var(--letterSpacing); text-transform: var(--textTransform);\">6 hjerter, Steffen Larsen, <a style=\"color: #000000;\" href=\"https:\/\/politiken.dk\/kultur\/boger\/boganmeldelser\/skonlitteratur_boger\/art5626483\/Perle-af-en-billedbog-fort%C3%A6ller-om-m%C3%B8det-mellem-pige-og-hest\">Politiken<\/a><\/strong><\/span><\/p>\n<hr \/>\n<p><span style=\"color: #000000;\">&#8220;En virkelig dejlig, n\u00e6rv\u00e6rende fort\u00e6lling&#8230;&#8221;<\/span><\/p>\n<p><span style=\"color: #000000;\">&#8220;.. en historie som ogs\u00e5 de voksne har gl\u00e6de af at l\u00e6se.&#8221;<\/span><\/p>\n<p><span style=\"color: #000000;\">&#8220;&#8230;en varm, fin og dejlig fort\u00e6lling om b\u00f8rns s\u00e6rlige evner til at finde venner&#8230;&#8221;<\/span><br \/><span style=\"color: #000000;\"><b style=\"font-size: inherit; background-color: var(--background-color); font-family: var(--fontFamily); font-style: var(--fontStyle, inherit); letter-spacing: var(--letterSpacing); text-transform: var(--textTransform);\">Anne Birgitte Hundahl, <a style=\"color: #000000;\" href=\"https:\/\/litteratursiden.dk\/anmeldelser\/jeg-elsker-dig-hest-af-zenia-johnsen-og-stine-spedsbjerg\">Litteratursiden.dk<\/a><\/b><\/span><\/p>\n<hr \/>\n<p><span style=\"color: #000000;\">&#8220;Sk\u00f8n og lidt anderledes billedbog med noget p\u00e5 hjerte.&#8221;<\/span><\/p>\n<p><span style=\"color: #000000;\">&#8220;Zenia Johnsen leger med ordene og skaber billeder med teksten, som fungerer perfekt til opl\u00e6sning.&#8221;<\/span><br \/><span style=\"color: #000000;\"><strong style=\"font-size: inherit; background-color: var(--background-color); font-family: var(--fontFamily); font-style: var(--fontStyle, inherit); letter-spacing: var(--letterSpacing); text-transform: var(--textTransform);\">Maria Sj\u00f8blom, lekt\u00f8r, Dansk Biblioteks Center<\/strong><\/span><\/p>\n<hr \/>\n<p><span style=\"color: #000000;\">&#8220;Denne b\u00f8rnebog har simpelthen stj\u00e5let vores hjerter.&#8221; 6 stjerner.<\/span><br \/><span style=\"color: #000000;\"><span style=\"font-size: inherit; background-color: var(--background-color); font-family: var(--fontFamily); font-style: var(--fontStyle, inherit); font-weight: var(--fontWeight); letter-spacing: var(--letterSpacing); text-transform: var(--textTransform);\">M\u00e5nedens favorit hos <\/span><a style=\"color: #000000;\" href=\"http:\/\/www.bornenesboger.dk\/2016\/06\/01\/anmeldelse-boerneboeger-maj\/\"><strong style=\"font-size: inherit; background-color: var(--background-color); font-family: var(--fontFamily); font-style: var(--fontStyle, inherit); letter-spacing: var(--letterSpacing); text-transform: var(--textTransform);\">B\u00f8rnenes b\u00f8ger<\/strong><\/a><\/span><\/p>\n<hr \/>\n<p><span style=\"color: #000000;\">&#8220;&#8230;en helt vidunderlig lille perle af en b\u00f8rnebog.&#8221;<\/span><\/p>\n<p><span style=\"color: #000000;\">&#8220;Zenia Johnsen er fantastisk med ord. Ogs\u00e5 i denne b\u00f8rnebog. Hendes univers er forunderligt og underfundigt, varmt og humoristisk. Hverdagspoetisk, s\u00e5gar. Vi f\u00f8ler os s\u00e5 godt hjemme i hendes b\u00f8ger.&#8221;<\/span><br \/><span style=\"color: #000000;\"><a style=\"color: #000000;\" href=\"http:\/\/www.bornenesboger.dk\/2016\/05\/29\/anmeldelse-jeg-elsker-dig-hest\/\"><strong>B\u00f8rnenes B\u00f8ger<\/strong><\/a><\/span><\/p>\n<hr \/>\n<p><span style=\"color: #000000;\">&#8220;Zenia Johnsens sprog er simpelthen s\u00e5 dejligt, og selvom det er ligetil og uden lange beskrivelser, er de ord og vendiger, som hun hun bruger, helt pr\u00e6cise, s\u00e5 vi som l\u00e6sere er fuldst\u00e6ndig med p\u00e5, hvordan det fx f\u00f8les at v\u00e6re Stine.&#8221;<\/span><\/p>\n<p><span style=\"color: #000000;\">&#8220;Illustrationerne passer perfekt til Johnsens varme, underfundige fort\u00e6lling, og Stine Spedsbjergs s\u00e6rlige streg giver netop underfundigheden og den lidt underspillede humor en ekstra tand p\u00e5 billedsiden.&#8221;<\/span><br \/><span style=\"color: #000000;\"><strong>B\u00f8ger til b\u00f8rn<\/strong><\/span><\/p>\n<hr \/>\n<p><span style=\"color: #000000;\">&#8220;Jeg elsker dig hest er utrolig s\u00f8d og skrevet p\u00e5 den fineste m\u00e5de. Og gennem ord og billeder f\u00f8ler man Stines gl\u00e6de, forelskelse og knuste hjerte.<\/span><br \/><span style=\"color: #000000;\">Selv som voksen bliver man grebet af Stines gl\u00e6de for hesten [&#8230;]&#8221;<\/span><\/p>\n<p><span style=\"color: #000000;\">Bogen rummer mange fine emner, med nye venskaber, sorg, problemstillinger og kommunikationsvanskeligheder, som man nemt kan komme ud for b\u00e5de om barn og voksen.&#8221;<\/span><br \/><span style=\"color: #000000;\"><a style=\"color: #000000;\" href=\"https:\/\/froekengroen.home.blog\/2019\/02\/11\/jeg-elsker-dig-hest-af-zenia-johnsen-og-stine-spedsbjerg\/\">Fr\u00f8ken Gr\u00f8n anbefaler<\/a><\/span><\/p>\n<p><span style=\"color: #000000;\"><strong>Jeg elsker dig, hest!<\/strong> p\u00e5 <a style=\"color: #000000;\" href=\"https:\/\/www.goodreads.com\/book\/show\/30252885-jeg-elsker-dig-hest\">Goodreads<\/a><\/span><\/p>\n<hr \/>\n\n\n<div class=\"wp-block-image\"><figure class=\"aligncenter size-large is-resized\"><img loading=\"lazy\" decoding=\"async\" src=\"http:\/\/zenia.dk\/wp-content\/uploads\/kul_Hest-907x1024.jpg\" alt=\"\" class=\"wp-image-3824\" width=\"505\" height=\"570\" srcset=\"https:\/\/zenia.dk\/wp-content\/uploads\/kul_Hest-907x1024.jpg 907w, https:\/\/zenia.dk\/wp-content\/uploads\/kul_Hest-266x300.jpg 266w, https:\/\/zenia.dk\/wp-content\/uploads\/kul_Hest-768x867.jpg 768w, https:\/\/zenia.dk\/wp-content\/uploads\/kul_Hest.jpg 960w\" sizes=\"auto, (max-width: 505px) 100vw, 505px\" \/><figcaption>Illustration: Stine Spedsbjerg<\/figcaption><\/figure><\/div>\n\n\n\n<p><\/p>\n","protected":false},"excerpt":{"rendered":"<p>&#8220;Perle af en billedbog.&#8221;POLITIKEN Stine stikker af hjemmefra. Hun ved ikke helt, hvor hun er p\u00e5 vej hen, men da hun h\u00f8rer en h\u00f8j og varm lyd, som kommer ud af en hest, ved hun, at hun er n\u00e5et frem. Illustreret af StineStregen 2016, Gyldendal.UDSOLGT FRA FORLAGET \u00a0 ANMELDELSER &#8220;Zenia Johnsen og Stine Spedsbjerg har tegnet og skrevet Stine s\u00e5 dygtigt frem, at jeg f\u00f8ler det som om, det er mit hjerte, der ligger d\u00e9r helt gennemtygget i mudderp\u00f8len. Stines kropssprog og tekstens enkle metafor i dette antiklimatiske \u00f8jeblik b\u00e6rer \u00e5rtusinders fort\u00e6lling om ugeng\u00e6ldt k\u00e6rlighed i sig.&#8221;Anita Brask Rasmussen, Information\u2026<\/p>\n","protected":false},"author":2,"featured_media":0,"parent":3159,"menu_order":0,"comment_status":"open","ping_status":"open","template":"","meta":{"footnotes":"","_links_to":"","_links_to_target":""},"class_list":["post-3378","page","type-page","status-publish","hentry"],"blocksy_meta":"","jetpack_sharing_enabled":true,"_links":{"self":[{"href":"https:\/\/zenia.dk\/index.php?rest_route=\/wp\/v2\/pages\/3378","targetHints":{"allow":["GET"]}}],"collection":[{"href":"https:\/\/zenia.dk\/index.php?rest_route=\/wp\/v2\/pages"}],"about":[{"href":"https:\/\/zenia.dk\/index.php?rest_route=\/wp\/v2\/types\/page"}],"author":[{"embeddable":true,"href":"https:\/\/zenia.dk\/index.php?rest_route=\/wp\/v2\/users\/2"}],"replies":[{"embeddable":true,"href":"https:\/\/zenia.dk\/index.php?rest_route=%2Fwp%2Fv2%2Fcomments&post=3378"}],"version-history":[{"count":30,"href":"https:\/\/zenia.dk\/index.php?rest_route=\/wp\/v2\/pages\/3378\/revisions"}],"predecessor-version":[{"id":4087,"href":"https:\/\/zenia.dk\/index.php?rest_route=\/wp\/v2\/pages\/3378\/revisions\/4087"}],"up":[{"embeddable":true,"href":"https:\/\/zenia.dk\/index.php?rest_route=\/wp\/v2\/pages\/3159"}],"wp:attachment":[{"href":"https:\/\/zenia.dk\/index.php?rest_route=%2Fwp%2Fv2%2Fmedia&parent=3378"}],"curies":[{"name":"wp","href":"https:\/\/api.w.org\/{rel}","templated":true}]}}