{"id":3159,"date":"2015-02-06T18:56:26","date_gmt":"2015-02-06T17:56:26","guid":{"rendered":"http:\/\/zenia.dk\/?page_id=3159"},"modified":"2024-09-16T09:35:26","modified_gmt":"2024-09-16T08:35:26","slug":"bibliografi","status":"publish","type":"page","link":"https:\/\/zenia.dk\/?page_id=3159","title":{"rendered":"BIBLIOGRAFI"},"content":{"rendered":"\n<div class=\"wp-block-columns is-layout-flex wp-container-core-columns-is-layout-9d6595d7 wp-block-columns-is-layout-flex\">\n<div class=\"wp-block-column is-layout-flow wp-block-column-is-layout-flow\" style=\"flex-basis:100%\">\n<p><strong>ROMANER<\/strong><br><a href=\"http:\/\/zenia.dk\/?page_id=3421\">Hjernesk\u00e6lv <\/a>Postkortroman. Illustration og fotos af Zenia Johnsen. Jensen &amp; Dalgaard, 2016.<br><a href=\"http:\/\/zenia.dk\/?page_id=3606\">Jeg er Albert Storm<\/a>&nbsp;Roman. Jensen &amp; Dalgaard, 2018<br><a href=\"http:\/\/zenia.dk\/?page_id=4107\">Alt det her<\/a> Kortroman. Jensen &amp; Dalgaard, 2022<\/p>\n\n\n\n<p><strong>BILLEDB\u00d8GER<\/strong><br><a href=\"http:\/\/zenia.dk\/?page_id=1124\">Hunden der ikke troede p\u00e5 op <\/a>Illustreret af Kamila Slocinska, Turbine, 2011<br><a href=\"http:\/\/zenia.dk\/?page_id=3378\">Jeg elsker dig, hest<\/a>&nbsp;Illustreret af Stine Spedsbjerg, Gyldendal, 2016<br><a href=\"http:\/\/zenia.dk\/?page_id=3661\">Bjarne bl\u00e6ser v\u00e6k <\/a>&nbsp;Illustreret af Simon V\u00e6th, Jensen &amp; Dalgaard, 2019<br><a href=\"http:\/\/zenia.dk\/?page_id=3988\">RANUKNUS<\/a> Illustreret af Lea Hebsgaard Andersen, Jensen &amp; Dalgaard, 2021<br><a href=\"http:\/\/zenia.dk\/?page_id=5166\">Verdens v\u00e6rste hund<\/a> Illustreret af Jan Oksb\u00f8l Callesen, Jensen &amp; Dalgaard, 2023<br><br><strong>TEGNESERIE<\/strong><br><a href=\"http:\/\/zenia.dk\/?page_id=4839\">Ondulaten <\/a>Illustreret af StineStregen, Gad, 2023<\/p>\n\n\n\n<p><strong>GRAFISK KORTROMAN<\/strong><br><a href=\"http:\/\/zenia.dk\/?page_id=3017\">Billy smiler r\u00f8dt <\/a>Illustreret af Tom Kristensen. Calibat, 2014.<br><a href=\"http:\/\/zenia.dk\/?page_id=4986\">PER <\/a>Illustreret af Signe Parkins, Jensen &amp; Dalgaard, 2023<br><\/p>\n\n\n\n<p class=\"has-text-align-left\"><strong>BIDRAG TIL:<\/strong><br><em>Sommerdrenge<\/em><strong>,<\/strong> af Rebecca Bach-Lauritsen. H\u00f8st &amp; S\u00f8n, 2013. Har bidraget med fotos.<br><em>Luffer og Puffer<\/em>, af Stine Spedsbjerg. Turbine, 2016. Har bidraget med foto.<br><em>Hygge og h\u00f8jtl\u00e6sning &#8211; Historier for de sm\u00e5<\/em>. Antologi. Gyldendal, 2017<\/p>\n\n\n\n<p class=\"has-text-align-left\"><strong>ANDET<\/strong><br><a href=\"https:\/\/www.information.dk\/kultur\/anmeldelse\/2016\/12\/stroem-hovedet-faret-vild\"><em>Rystelsen<\/em><\/a>, en Radiofort\u00e6lling for DR P1 af Rebecca Bach-Lauritsen og Peter Albrechtsen, 2016<\/p>\n\n\n\n<p><strong>UDSTILLINGER<br><\/strong><em>Hjernesk\u00e6lv<\/em>, Fotos og tekst, Kolding bibliotek, februar, 2018 <br><em>Bogminder &amp; Fugle<\/em>, (Illustration, foto og tekster) Hammel bibliotek, marts, 2019 <br><em>Bogminder &amp; Fugle<\/em>, (Illustration, foto og tekster) Hinnerup bibliotek, august, 2019<\/p>\n\n\n\n<p><strong>ANERKENDELSER<\/strong><br>Nomineret til <em>Nordisk R\u00e5ds b\u00f8rne og ungdomslitteraturpris<\/em>, 2024<br>Shortlistet til <em>Kulturministeriets Forfatterpris for b\u00f8rne- og ungdomsb\u00f8ger<\/em>, 2023 for <em><strong>PER<\/strong><\/em><br><strong><em>Ondulaten <\/em><\/strong>nomineret i kategorien <em>\u00c5rets bedste tegneserie\/billedroman<\/em>, 2023, K\u00f8benhavns biblioteker<br><strong><em>PER <\/em><\/strong>nomineret i kategorien <em>\u00c5rets bedste tegneserie\/billedroman<\/em>, 2023, K\u00f8benhavns biblioteker<\/p>\n\n\n\n<p class=\"has-text-align-left\"><strong>LEGATER<\/strong><br>2016 Forfatternes opmuntringslegat, Danske sk\u00f8nlitter\u00e6re Forfattere.<br>2017 Arbejdslegat, Statens Kunstfond.<br>2017 Arbejdslegat, Autorkontoen, Dansk Forfatterforening<br>2018 Arbejdslegat, Statens Kunstfond<br>2018 Arbejdslegat, Autorkontoen, Dansk Forfatterforening<br>2019 Arbejdslegat, Statens Kunstfond<br><span style=\"font-size: inherit; background-color: var(--background-color); color: var(--color); font-family: var(--fontFamily); font-style: var(--fontStyle, inherit); font-weight: var(--fontWeight); letter-spacing: var(--letterSpacing); text-transform: var(--textTransform);\">2020 Arbejdslegat, Autorkontoen, Dansk Forfatterforening<br>2021 Arbejdslegat, Statens Kunstfond<\/span><br>2023 Arbejdslegat, Autorkontoen, Dansk Forfatterforening<\/p>\n\n\n\n<figure class=\"wp-block-gallery has-nested-images columns-4 is-cropped is-style-columns wp-block-gallery-1 is-layout-flex wp-block-gallery-is-layout-flex\">\n<figure class=\"wp-block-image size-medium\"><img loading=\"lazy\" decoding=\"async\" width=\"201\" height=\"300\" data-id=\"4398\" src=\"http:\/\/zenia.dk\/wp-content\/uploads\/Alt-det-her-201x300.jpg\" alt=\"\" class=\"wp-image-4398\" srcset=\"https:\/\/zenia.dk\/wp-content\/uploads\/Alt-det-her-201x300.jpg 201w, https:\/\/zenia.dk\/wp-content\/uploads\/Alt-det-her.jpg 500w\" sizes=\"auto, (max-width: 201px) 100vw, 201px\" \/><\/figure>\n\n\n\n<figure class=\"wp-block-image size-full\"><img loading=\"lazy\" decoding=\"async\" width=\"640\" height=\"944\" data-id=\"4404\" src=\"http:\/\/zenia.dk\/wp-content\/uploads\/Jeg-er-Albert-Storm-2.jpg\" alt=\"\" class=\"wp-image-4404\" srcset=\"https:\/\/zenia.dk\/wp-content\/uploads\/Jeg-er-Albert-Storm-2.jpg 640w, https:\/\/zenia.dk\/wp-content\/uploads\/Jeg-er-Albert-Storm-2-203x300.jpg 203w\" sizes=\"auto, (max-width: 640px) 100vw, 640px\" \/><\/figure>\n\n\n\n<figure class=\"wp-block-image size-medium\"><img loading=\"lazy\" decoding=\"async\" width=\"241\" height=\"300\" data-id=\"4400\" src=\"http:\/\/zenia.dk\/wp-content\/uploads\/Bjarne-blaeser-1-241x300.jpg\" alt=\"\" class=\"wp-image-4400\" srcset=\"https:\/\/zenia.dk\/wp-content\/uploads\/Bjarne-blaeser-1-241x300.jpg 241w, https:\/\/zenia.dk\/wp-content\/uploads\/Bjarne-blaeser-1.jpg 300w\" sizes=\"auto, (max-width: 241px) 100vw, 241px\" \/><\/figure>\n\n\n\n<figure class=\"wp-block-image size-medium\"><img loading=\"lazy\" decoding=\"async\" width=\"288\" height=\"300\" data-id=\"4402\" src=\"http:\/\/zenia.dk\/wp-content\/uploads\/Hunden-der-ikke-1-288x300.jpg\" alt=\"\" class=\"wp-image-4402\" srcset=\"https:\/\/zenia.dk\/wp-content\/uploads\/Hunden-der-ikke-1-288x300.jpg 288w, https:\/\/zenia.dk\/wp-content\/uploads\/Hunden-der-ikke-1-984x1024.jpg 984w, https:\/\/zenia.dk\/wp-content\/uploads\/Hunden-der-ikke-1-768x800.jpg 768w, https:\/\/zenia.dk\/wp-content\/uploads\/Hunden-der-ikke-1-1475x1536.jpg 1475w, https:\/\/zenia.dk\/wp-content\/uploads\/Hunden-der-ikke-1.jpg 1510w\" sizes=\"auto, (max-width: 288px) 100vw, 288px\" \/><\/figure>\n\n\n\n<figure class=\"wp-block-image size-medium\"><img loading=\"lazy\" decoding=\"async\" width=\"276\" height=\"300\" data-id=\"4403\" src=\"http:\/\/zenia.dk\/wp-content\/uploads\/Jeg-elsker-dig-hest-1-276x300.jpg\" alt=\"\" class=\"wp-image-4403\" srcset=\"https:\/\/zenia.dk\/wp-content\/uploads\/Jeg-elsker-dig-hest-1-276x300.jpg 276w, https:\/\/zenia.dk\/wp-content\/uploads\/Jeg-elsker-dig-hest-1.jpg 500w\" sizes=\"auto, (max-width: 276px) 100vw, 276px\" \/><\/figure>\n\n\n\n<figure class=\"wp-block-image size-medium\"><img loading=\"lazy\" decoding=\"async\" width=\"247\" height=\"300\" data-id=\"4981\" src=\"http:\/\/zenia.dk\/wp-content\/uploads\/ondulaten-1-247x300.jpg\" alt=\"\" class=\"wp-image-4981\" srcset=\"https:\/\/zenia.dk\/wp-content\/uploads\/ondulaten-1-247x300.jpg 247w, https:\/\/zenia.dk\/wp-content\/uploads\/ondulaten-1.jpg 260w\" sizes=\"auto, (max-width: 247px) 100vw, 247px\" \/><\/figure>\n\n\n\n<figure class=\"wp-block-image size-medium\"><img loading=\"lazy\" decoding=\"async\" width=\"212\" height=\"300\" data-id=\"5167\" src=\"http:\/\/zenia.dk\/wp-content\/uploads\/Verdensvaerstehund-212x300.png\" alt=\"\" class=\"wp-image-5167\" srcset=\"https:\/\/zenia.dk\/wp-content\/uploads\/Verdensvaerstehund-212x300.png 212w, https:\/\/zenia.dk\/wp-content\/uploads\/Verdensvaerstehund.png 354w\" sizes=\"auto, (max-width: 212px) 100vw, 212px\" \/><\/figure>\n\n\n\n<figure class=\"wp-block-image size-medium\"><img loading=\"lazy\" decoding=\"async\" width=\"211\" height=\"300\" data-id=\"4399\" src=\"http:\/\/zenia.dk\/wp-content\/uploads\/Billy-smiler-1-211x300.png\" alt=\"\" class=\"wp-image-4399\" srcset=\"https:\/\/zenia.dk\/wp-content\/uploads\/Billy-smiler-1-211x300.png 211w, https:\/\/zenia.dk\/wp-content\/uploads\/Billy-smiler-1.png 348w\" sizes=\"auto, (max-width: 211px) 100vw, 211px\" \/><\/figure>\n\n\n\n<figure class=\"wp-block-image size-medium\"><img loading=\"lazy\" decoding=\"async\" width=\"201\" height=\"300\" data-id=\"4405\" src=\"http:\/\/zenia.dk\/wp-content\/uploads\/Ranuknus-1-201x300.jpg\" alt=\"\" class=\"wp-image-4405\" srcset=\"https:\/\/zenia.dk\/wp-content\/uploads\/Ranuknus-1-201x300.jpg 201w, https:\/\/zenia.dk\/wp-content\/uploads\/Ranuknus-1.jpg 500w\" sizes=\"auto, (max-width: 201px) 100vw, 201px\" \/><\/figure>\n\n\n\n<figure class=\"wp-block-image size-medium\"><img loading=\"lazy\" decoding=\"async\" width=\"189\" height=\"300\" data-id=\"4401\" src=\"http:\/\/zenia.dk\/wp-content\/uploads\/Hjerneskaelv-1-189x300.jpg\" alt=\"\" class=\"wp-image-4401\" srcset=\"https:\/\/zenia.dk\/wp-content\/uploads\/Hjerneskaelv-1-189x300.jpg 189w, https:\/\/zenia.dk\/wp-content\/uploads\/Hjerneskaelv-1.jpg 341w\" sizes=\"auto, (max-width: 189px) 100vw, 189px\" \/><\/figure>\n\n\n\n<figure class=\"wp-block-image size-medium\"><img loading=\"lazy\" decoding=\"async\" width=\"226\" height=\"300\" data-id=\"4982\" src=\"http:\/\/zenia.dk\/wp-content\/uploads\/Per-226x300.png\" alt=\"\" class=\"wp-image-4982\" srcset=\"https:\/\/zenia.dk\/wp-content\/uploads\/Per-226x300.png 226w, https:\/\/zenia.dk\/wp-content\/uploads\/Per.png 377w\" sizes=\"auto, (max-width: 226px) 100vw, 226px\" \/><\/figure>\n<\/figure>\n<\/div>\n<\/div>\n\n\n\n<hr class=\"wp-block-separator has-css-opacity\"\/>\n\n\n\n<p><\/p>\n","protected":false},"excerpt":{"rendered":"<p>ROMANERHjernesk\u00e6lv Postkortroman. Illustration og fotos af Zenia Johnsen. Jensen &amp; Dalgaard, 2016.Jeg er Albert Storm&nbsp;Roman. Jensen &amp; Dalgaard, 2018Alt det her Kortroman. Jensen &amp; Dalgaard, 2022 BILLEDB\u00d8GERHunden der ikke troede p\u00e5 op Illustreret af Kamila Slocinska, Turbine, 2011Jeg elsker dig, hest&nbsp;Illustreret af Stine Spedsbjerg, Gyldendal, 2016Bjarne bl\u00e6ser v\u00e6k &nbsp;Illustreret af Simon V\u00e6th, Jensen &amp; Dalgaard, 2019RANUKNUS Illustreret af Lea Hebsgaard Andersen, Jensen &amp; Dalgaard, 2021Verdens v\u00e6rste hund Illustreret af Jan Oksb\u00f8l Callesen, Jensen &amp; Dalgaard, 2023 TEGNESERIEOndulaten Illustreret af StineStregen, Gad, 2023 GRAFISK KORTROMANBilly smiler r\u00f8dt Illustreret af Tom Kristensen. Calibat, 2014.PER Illustreret af Signe Parkins, Jensen &amp; Dalgaard, 2023\u2026<\/p>\n","protected":false},"author":3,"featured_media":0,"parent":0,"menu_order":2,"comment_status":"open","ping_status":"closed","template":"","meta":{"footnotes":"","_links_to":"","_links_to_target":""},"class_list":["post-3159","page","type-page","status-publish","hentry"],"blocksy_meta":"","jetpack_sharing_enabled":true,"_links":{"self":[{"href":"https:\/\/zenia.dk\/index.php?rest_route=\/wp\/v2\/pages\/3159","targetHints":{"allow":["GET"]}}],"collection":[{"href":"https:\/\/zenia.dk\/index.php?rest_route=\/wp\/v2\/pages"}],"about":[{"href":"https:\/\/zenia.dk\/index.php?rest_route=\/wp\/v2\/types\/page"}],"author":[{"embeddable":true,"href":"https:\/\/zenia.dk\/index.php?rest_route=\/wp\/v2\/users\/3"}],"replies":[{"embeddable":true,"href":"https:\/\/zenia.dk\/index.php?rest_route=%2Fwp%2Fv2%2Fcomments&post=3159"}],"version-history":[{"count":41,"href":"https:\/\/zenia.dk\/index.php?rest_route=\/wp\/v2\/pages\/3159\/revisions"}],"predecessor-version":[{"id":5365,"href":"https:\/\/zenia.dk\/index.php?rest_route=\/wp\/v2\/pages\/3159\/revisions\/5365"}],"wp:attachment":[{"href":"https:\/\/zenia.dk\/index.php?rest_route=%2Fwp%2Fv2%2Fmedia&parent=3159"}],"curies":[{"name":"wp","href":"https:\/\/api.w.org\/{rel}","templated":true}]}}