{"id":5166,"date":"2023-08-03T10:18:51","date_gmt":"2023-08-03T09:18:51","guid":{"rendered":"http:\/\/zenia.dk\/?page_id=5166"},"modified":"2023-09-28T14:27:00","modified_gmt":"2023-09-28T13:27:00","slug":"verdens-vaerste-hund","status":"publish","type":"page","link":"http:\/\/zenia.dk\/?page_id=5166","title":{"rendered":"VERDENS V\u00c6RSTE HUND"},"content":{"rendered":"\n<div class=\"wp-block-media-text alignwide has-media-on-the-right is-stacked-on-mobile\" style=\"grid-template-columns:auto 20%\"><div class=\"wp-block-media-text__content\">\n<p><\/p>\n\n\n\n<p>En dag kommer Sylvesters farmor med en papkasse. \u201dHURRA!\u201d r\u00e5ber hun. \u201dI dag f\u00e5r du en ny ven!\u201d Sylvester banker p\u00e5 kassen med to knoer. Der kommer en m\u00e6rkelig lyd derindefra. Noget pusler i pappet. Han tager en dyb ind\u00e5nding og \u00e5bner flapperne p\u00e5 kassen \u2026<\/p>\n\n\n\n<p>Verdens <em>v\u00e6rste hund <\/em>er en subtil og taktilt pelset historie om savn, venskab, t\u00e5lmodighed og TAK.<\/p>\n\n\n\n<p>Illustreret af Jan Oksb\u00f8l Callesen <br \/>Udgivet af Jensen &amp; Dalgaard, 2023<\/p>\n<\/div><figure class=\"wp-block-media-text__media\"><img loading=\"lazy\" decoding=\"async\" width=\"354\" height=\"500\" src=\"http:\/\/zenia.dk\/wp-content\/uploads\/Verdensvaerstehund.png\" alt=\"\" class=\"wp-image-5167 size-full\" srcset=\"http:\/\/zenia.dk\/wp-content\/uploads\/Verdensvaerstehund.png 354w, http:\/\/zenia.dk\/wp-content\/uploads\/Verdensvaerstehund-212x300.png 212w\" sizes=\"auto, (max-width: 354px) 100vw, 354px\" \/><\/figure><\/div>\n\n\n\n<p><strong>ANMELDELSER &amp; OMTALE<\/strong><\/p>\n\n\n\n<p>&#8220;Den er genial!&#8221;<\/p>\n\n\n\n<p><a href=\"https:\/\/horsensbibliotek.dk\/nyheder\/bogtips\/en-alkymist-i-laenker-det-store-nisseshow-og-den-nye-oxen-bog\" target=\"_blank\" rel=\"noreferrer noopener\">H\u00e5ndplukket<\/a>, Horsens kommunes biblioteker<\/p>\n\n\n\n<hr class=\"wp-block-separator has-alpha-channel-opacity\"\/>\n\n\n\n<p>&#8220;Underfundig og hjertevarm historie om savn og venskab.&#8221;<br \/>&#8220;Billedsidens udtryk, hvor man kun ser et udsnit af noget ubestemmeligt, er med til at pirre nysgerrigheden&#8221;.<br \/>Line Hoffgaard, <strong>Lekt\u00f8rudtalelse, DBC<\/strong><br \/><\/p>\n\n\n\n<hr class=\"wp-block-separator has-css-opacity\"\/>\n\n\n\n<p>&#8220;<em>Verdens v\u00e6rste hund<\/em> er en hjertevarm fort\u00e6lling om, hvordan venskab kan opst\u00e5 p\u00e5 de mest uventede m\u00e5der. Om at give alle en ekstra chance, ogs\u00e5 n\u00e5r de mindst fortjener det, og det ikke virker til, der er mere at bygge p\u00e5. Om frustration, skuffelse, savn og opgivenhed, men ogs\u00e5 en f\u00f8lelse af varme og h\u00e5b, is\u00e6r hvis man form\u00e5r at give nye venskaber tid, t\u00e5lmod og plads til udvikling. Med meget abstrakte illustrationer, som man kan g\u00e5 p\u00e5 opdagelse i &#8211; eller bare nyde til den s\u00f8de og sk\u00f8nne fort\u00e6lling.&#8221;<br \/><strong>@ditte_dalsgaard<\/strong><\/p>\n\n\n\n<hr class=\"wp-block-separator has-css-opacity\"\/>\n\n\n\n<p>&#8220;Fin og hjertevarm historie om savn, forventninger, venskab og et lille twist i slutningen + en billedside der pirrer nysgerrigheden.&#8221;<br \/><strong>@boganbefalinger<\/strong><\/p>\n\n\n\n<hr class=\"wp-block-separator has-css-opacity\"\/>\n\n\n\n<p><em>Verdens v\u00e6rste hund<\/em> p\u00e5 <a href=\"https:\/\/www.goodreads.com\/book\/show\/195284277-verdens-v-rste-hund\">Goodreads<\/a><\/p>\n","protected":false},"excerpt":{"rendered":"<p>En dag kommer Sylvesters farmor med en papkasse. \u201dHURRA!\u201d r\u00e5ber hun. \u201dI dag f\u00e5r du en ny ven!\u201d Sylvester banker p\u00e5 kassen med to knoer. Der kommer en m\u00e6rkelig lyd derindefra. Noget pusler i pappet. Han tager en dyb ind\u00e5nding og \u00e5bner flapperne p\u00e5 kassen \u2026 Verdens v\u00e6rste hund er en subtil og taktilt pelset historie om savn, venskab, t\u00e5lmodighed og TAK. Illustreret af Jan Oksb\u00f8l Callesen Udgivet af Jensen &amp; Dalgaard, 2023 ANMELDELSER &amp; OMTALE &#8220;Den er genial!&#8221; H\u00e5ndplukket, Horsens kommunes biblioteker &#8220;Underfundig og hjertevarm historie om savn og venskab.&#8221;&#8220;Billedsidens udtryk, hvor man kun ser et udsnit af noget\u2026<\/p>\n","protected":false},"author":2,"featured_media":0,"parent":3159,"menu_order":0,"comment_status":"closed","ping_status":"closed","template":"","meta":{"footnotes":"","_links_to":"","_links_to_target":""},"class_list":["post-5166","page","type-page","status-publish","hentry"],"blocksy_meta":"","jetpack_sharing_enabled":true,"_links":{"self":[{"href":"http:\/\/zenia.dk\/index.php?rest_route=\/wp\/v2\/pages\/5166","targetHints":{"allow":["GET"]}}],"collection":[{"href":"http:\/\/zenia.dk\/index.php?rest_route=\/wp\/v2\/pages"}],"about":[{"href":"http:\/\/zenia.dk\/index.php?rest_route=\/wp\/v2\/types\/page"}],"author":[{"embeddable":true,"href":"http:\/\/zenia.dk\/index.php?rest_route=\/wp\/v2\/users\/2"}],"replies":[{"embeddable":true,"href":"http:\/\/zenia.dk\/index.php?rest_route=%2Fwp%2Fv2%2Fcomments&post=5166"}],"version-history":[{"count":5,"href":"http:\/\/zenia.dk\/index.php?rest_route=\/wp\/v2\/pages\/5166\/revisions"}],"predecessor-version":[{"id":5250,"href":"http:\/\/zenia.dk\/index.php?rest_route=\/wp\/v2\/pages\/5166\/revisions\/5250"}],"up":[{"embeddable":true,"href":"http:\/\/zenia.dk\/index.php?rest_route=\/wp\/v2\/pages\/3159"}],"wp:attachment":[{"href":"http:\/\/zenia.dk\/index.php?rest_route=%2Fwp%2Fv2%2Fmedia&parent=5166"}],"curies":[{"name":"wp","href":"https:\/\/api.w.org\/{rel}","templated":true}]}}