{"id":4839,"date":"2023-02-20T09:43:26","date_gmt":"2023-02-20T08:43:26","guid":{"rendered":"http:\/\/zenia.dk\/?page_id=4839"},"modified":"2023-12-12T15:01:00","modified_gmt":"2023-12-12T14:01:00","slug":"ondulaten","status":"publish","type":"page","link":"http:\/\/zenia.dk\/?page_id=4839","title":{"rendered":"ONDULATEN"},"content":{"rendered":"\n<p><\/p>\n\n\n\n<div class=\"wp-block-image align-wrap-left alignwide\"><figure class=\"alignleft size-full\"><img loading=\"lazy\" decoding=\"async\" width=\"260\" height=\"316\" src=\"http:\/\/zenia.dk\/wp-content\/uploads\/ondulaten.jpg\" alt=\"\" class=\"wp-image-4837\" srcset=\"http:\/\/zenia.dk\/wp-content\/uploads\/ondulaten.jpg 260w, http:\/\/zenia.dk\/wp-content\/uploads\/ondulaten-247x300.jpg 247w\" sizes=\"auto, (max-width: 260px) 100vw, 260px\" \/><\/figure><\/div>\n\n\n\n<p><strong>&#8220;DET ER EN US\u00c6DVANLIG OG VIDUNDERLIG TEGNESERIE&#8221;<\/strong><br><em>B\u00f8rn &amp; b\u00f8ger<\/em><br><br>Bastian \u00f8nsker sig br\u00e6ndende en bl\u00f8d og rar kanin, men i stedet f\u00e5r han Preben, en gr\u00f8n undulat, der viser sig at v\u00e6re ualmindelig n\u00e6bbet.<br><br><em>Ondulaten <\/em>er en sjov og anderledes k\u00e6ledyrsthriller<br><br><strong>Illustreret af Stinestregen, Gads b\u00f8rneb\u00f8ger, 2023<\/strong><\/p>\n\n\n\n<p><\/p>\n\n\n\n<p><strong>ANMELDELSER &amp; OMTALE<\/strong><\/p>\n\n\n\n<hr class=\"wp-block-separator\"\/>\n\n\n\n<p>&#8220;Det er en us\u00e6dvanlig og vidunderlig tegneserie.&#8221;<br>&#8220;Store anbefalinger.&#8221;<br>Kent Poulsen, B\u00f8rn &amp; B\u00f8ger<\/p>\n\n\n\n<hr class=\"wp-block-separator\"\/>\n\n\n\n<p>&#8220;Et pletskud til h\u00f8jtl\u00e6sning og til b\u00f8rn, der er gamle nok til at l\u00e6se selv.&#8221;<br><br>&#8220;Det er virkelig en sp\u00e6ndende historie, Zenia Johnsen og Stinestregen sammen har lavet her, med et perfekt uhyggeniveau hvor de fleste b\u00f8rn kan v\u00e6re med. Der bliver sparket godt til fantasien, sp\u00e6ndingsniveauet er h\u00f8jt, og tegningerne er farverige og flotte og indeholder masser af humor, der udligner den v\u00e6rste uhygge.&#8221;<br>Katrine Colmorn, <a rel=\"noreferrer noopener\" href=\"https:\/\/litteratursiden.dk\/boeger\/ondulaten\" data-type=\"URL\" data-id=\"https:\/\/litteratursiden.dk\/boeger\/ondulaten\" target=\"_blank\">Litteratursiden.dk<\/a><br><\/p>\n\n\n\n<hr class=\"wp-block-separator\"\/>\n\n\n\n<p>&#8220;Sjov og smuk, en st\u00e6rk fort\u00e6lling&#8221;<br>@thejulesrules<\/p>\n\n\n\n<hr class=\"wp-block-separator\"\/>\n\n\n\n<p>&#8220;Forfatter Zenia Johnsen og illustrator StineStregen har beg\u00e5et <em>Ondulaten<\/em>, som er en lille<br>genistreg, hvis du sp\u00f8rger mig.&#8221;<\/p>\n\n\n\n<p>&#8220;<em>Ondulaten <\/em>er en herlig grafisk gyser, der giver kriller i maven uden at v\u00e6re alt for uhyggelig. Et pletskud til h\u00f8jtl\u00e6sning og til b\u00f8rn, der er gamle nok til at l\u00e6se selv.&#8221;<br>Line Fr\u00f8mann Ehlers, <a href=\"https:\/\/bogbotten.dk\/boganmeldelse\/ondulaten\/?_gl=1*1lu1i1a*_up*MQ..*_ga*MTc5ODU0NTI1MS4xNjkxOTE2ODYy*_ga_PWW2NJS8ZC*MTY5MTkxNjg2MC4xLjEuMTY5MTkxNjg2MS4wLjAuMA..\" target=\"_blank\" rel=\"noreferrer noopener\">Bogbotten<\/a><\/p>\n\n\n\n<hr class=\"wp-block-separator\"\/>\n\n\n\n<p>&#8220;Zenia Johnsen er altid god for en underholdende historie, og denne gang er ingen undtagelse. Bogen er virkelig velegnet til at l\u00e6se sammen med b\u00f8rn fra ca. 6 \u00e5r, og tilf\u00f8jet StineStregens herlige tegninger, bliver det kun endnu bedre.&#8221;<br>Jette anbefaler, <a rel=\"noreferrer noopener\" href=\"https:\/\/www.aakb.dk\/tags\/jette-anbefaler\" target=\"_blank\">Aarhus Bibliotekerne<\/a><br><\/p>\n\n\n\n<hr class=\"wp-block-separator\"\/>\n\n\n\n<p>&#8220;<em>Ondulaten <\/em>kan l\u00e6ses fra ca. 6 \u00e5r og op &#8211; og der er garanti for et godt grin, og en god snak om dumme k\u00e6ledyr&#8221;.<br><strong>@skolelaererlife<\/strong><br><\/p>\n\n\n\n<hr class=\"wp-block-separator\"\/>\n\n\n\n<p>&#8220;Som andre tidligere har p\u00e5peget, m\u00e5tte historien om Bastian og den onde undulat Preben gerne ha&#8217; v\u00e6ret meget l\u00e6ngere, f\u00f8rst og fremmest fordi den er herlig, men ogs\u00e5 fordi l\u00e6seren lades tilbage med en masse ubesvarede sp\u00f8rgsm\u00e5l, s\u00e5 som<\/p>\n\n\n\n<ul class=\"wp-block-list\"><li>er dyrehandleren farveblind?<\/li><li>hvad foreg\u00e5r der lige mellem Bastians mor og nabo-Bent?<\/li><li>har Interpol virkelig en lokalafdeling i Vejle?&#8221;<\/li><\/ul>\n\n\n\n<p><strong>@bookbitch.dk<\/strong><br><\/p>\n\n\n\n<hr class=\"wp-block-separator\"\/>\n\n\n\n<p>&#8220;Makkerparret Zenia Johnsen og StineStregen har beg\u00e5et en sarkastisk, sk\u00f8r og morsom tegneserie om magtbalancen mellem menneske og (k\u00e6le)dyr. Tonen og illustrationerne har et dobbeltlag, som ved f\u00f8rste, hurtige gennemsyn viser sig. Ironien driver ned ad siderne, og bogen er sjov. V\u00e6ldig, v\u00e6ldig sjov.&#8221;<br><strong>@bogoplevelsen<\/strong><\/p>\n\n\n\n<hr class=\"wp-block-separator\"\/>\n\n\n\n<p>&#8220;Man kan ikke lige s\u00e6tte Zenia Johnsen i b\u00e5s og hurra for det.&#8221; <br><br>\u201c<em>Ondulaten <\/em>er en morsom og sk\u00e6v billedbog om Bastian, som gerne vil have en kanin, men ender med en ret s\u00e5 kr\u00e6vende Ondulat. Stinestregens runde og herlige streg indfanger helt perfekt den crazy historie.<br><strong>@bausagerbooks<\/strong><\/p>\n\n\n\n<hr class=\"wp-block-separator\"\/>\n\n\n\n<p>&#8220;<em>Ondulaten <\/em>henvender sig til b\u00f8rn fra cirka 6 \u00e5r og er skrevet af Zenia Johnsen og Stinestregen &#8211; de to form\u00e5r at underholde b\u00e5de i handlingen og i illustrationerne, og <em>Ondulaten <\/em>giver derfor et sjovt indblik i den trekant, som b\u00f8rn kender s\u00e5 godt: k\u00e6ledyret, dem selv og for\u00e6ldrene\u2026&#8221;<br><strong>@norogfarlaeser<\/strong><\/p>\n\n\n\n<hr class=\"wp-block-separator\"\/>\n\n\n\n<p>&#8220;<em>Ondulaten <\/em>er den skr\u00e6mmende historie om drengen Bastian der virkelig \u00f8nsker sig en kanin, men m\u00e5 tage til takke med en undulat, som viser sig at v\u00e6re ondskaben selv. \u2060 Den er skrevet af Zenia Johnsen og illustreret af StineStregen &#8211; og det er et match made in heaven! Det er lige dele underholdende og foruroligende l\u00e6sning og den er bare fed!&#8221;<br><strong>@linedalbro<\/strong><\/p>\n\n\n\n<hr class=\"wp-block-separator\"\/>\n\n\n\n<p><em>Ondulaten <\/em>p\u00e5 <a href=\"https:\/\/www.goodreads.com\/book\/show\/102189786-ondulaten\" target=\"_blank\" rel=\"noreferrer noopener\">Goodreads<\/a><\/p>\n\n\n\n<div class=\"wp-block-image\"><figure class=\"aligncenter size-large is-resized\"><img loading=\"lazy\" decoding=\"async\" src=\"http:\/\/zenia.dk\/wp-content\/uploads\/347250716_1169502890508351_7883877065671157499_n-1024x1024.jpg\" alt=\"\" class=\"wp-image-5161\" width=\"405\" height=\"405\" srcset=\"http:\/\/zenia.dk\/wp-content\/uploads\/347250716_1169502890508351_7883877065671157499_n-1024x1024.jpg 1024w, http:\/\/zenia.dk\/wp-content\/uploads\/347250716_1169502890508351_7883877065671157499_n-300x300.jpg 300w, http:\/\/zenia.dk\/wp-content\/uploads\/347250716_1169502890508351_7883877065671157499_n-150x150.jpg 150w, http:\/\/zenia.dk\/wp-content\/uploads\/347250716_1169502890508351_7883877065671157499_n-768x768.jpg 768w, http:\/\/zenia.dk\/wp-content\/uploads\/347250716_1169502890508351_7883877065671157499_n.jpg 1080w\" sizes=\"auto, (max-width: 405px) 100vw, 405px\" \/><\/figure><\/div>\n","protected":false},"excerpt":{"rendered":"<p>&#8220;DET ER EN US\u00c6DVANLIG OG VIDUNDERLIG TEGNESERIE&#8221;B\u00f8rn &amp; b\u00f8ger Bastian \u00f8nsker sig br\u00e6ndende en bl\u00f8d og rar kanin, men i stedet f\u00e5r han Preben, en gr\u00f8n undulat, der viser sig at v\u00e6re ualmindelig n\u00e6bbet. Ondulaten er en sjov og anderledes k\u00e6ledyrsthriller Illustreret af Stinestregen, Gads b\u00f8rneb\u00f8ger, 2023 ANMELDELSER &amp; OMTALE &#8220;Det er en us\u00e6dvanlig og vidunderlig tegneserie.&#8221;&#8220;Store anbefalinger.&#8221;Kent Poulsen, B\u00f8rn &amp; B\u00f8ger &#8220;Et pletskud til h\u00f8jtl\u00e6sning og til b\u00f8rn, der er gamle nok til at l\u00e6se selv.&#8221; &#8220;Det er virkelig en sp\u00e6ndende historie, Zenia Johnsen og Stinestregen sammen har lavet her, med et perfekt uhyggeniveau hvor de fleste b\u00f8rn kan\u2026<\/p>\n","protected":false},"author":2,"featured_media":0,"parent":3159,"menu_order":0,"comment_status":"closed","ping_status":"closed","template":"","meta":{"footnotes":"","_links_to":"","_links_to_target":""},"class_list":["post-4839","page","type-page","status-publish","hentry"],"blocksy_meta":"","jetpack_sharing_enabled":true,"_links":{"self":[{"href":"http:\/\/zenia.dk\/index.php?rest_route=\/wp\/v2\/pages\/4839","targetHints":{"allow":["GET"]}}],"collection":[{"href":"http:\/\/zenia.dk\/index.php?rest_route=\/wp\/v2\/pages"}],"about":[{"href":"http:\/\/zenia.dk\/index.php?rest_route=\/wp\/v2\/types\/page"}],"author":[{"embeddable":true,"href":"http:\/\/zenia.dk\/index.php?rest_route=\/wp\/v2\/users\/2"}],"replies":[{"embeddable":true,"href":"http:\/\/zenia.dk\/index.php?rest_route=%2Fwp%2Fv2%2Fcomments&post=4839"}],"version-history":[{"count":9,"href":"http:\/\/zenia.dk\/index.php?rest_route=\/wp\/v2\/pages\/4839\/revisions"}],"predecessor-version":[{"id":5255,"href":"http:\/\/zenia.dk\/index.php?rest_route=\/wp\/v2\/pages\/4839\/revisions\/5255"}],"up":[{"embeddable":true,"href":"http:\/\/zenia.dk\/index.php?rest_route=\/wp\/v2\/pages\/3159"}],"wp:attachment":[{"href":"http:\/\/zenia.dk\/index.php?rest_route=%2Fwp%2Fv2%2Fmedia&parent=4839"}],"curies":[{"name":"wp","href":"https:\/\/api.w.org\/{rel}","templated":true}]}}