{"id":3421,"date":"2016-10-22T08:44:54","date_gmt":"2016-10-22T07:44:54","guid":{"rendered":"http:\/\/zenia.dk\/?page_id=3421"},"modified":"2024-05-06T07:54:10","modified_gmt":"2024-05-06T06:54:10","slug":"hjerneskaelv","status":"publish","type":"page","link":"http:\/\/zenia.dk\/?page_id=3421","title":{"rendered":"HJERNESK\u00c6LV"},"content":{"rendered":"<div class=\"align-wrap-left alignwide\">\n<figure class=\"wp-block-image alignleft\"><img loading=\"lazy\" decoding=\"async\" width=\"201\" height=\"300\" src=\"http:\/\/zenia.dk\/wp-content\/uploads\/wp-1612105023295-201x300.jpg\" alt=\"\" class=\"wp-image-3775\" srcset=\"http:\/\/zenia.dk\/wp-content\/uploads\/wp-1612105023295-201x300.jpg 201w, http:\/\/zenia.dk\/wp-content\/uploads\/wp-1612105023295.jpg 606w\" sizes=\"auto, (max-width: 201px) 100vw, 201px\" \/><\/figure>\n<\/div>\n\n\n<h5 class=\"wp-block-heading\">&#8220;E<span style=\"color: #000000;\">t godt bud p\u00e5 en fornyelse af romanformen.&#8221;<br>DAGBLADENES BUREAU<\/span><\/h5>\n\n\n\n<p><span style=\"color: #333333;\"><em>&#8220;Hjernesk\u00e6lv&#8221;<\/em>&nbsp;er en roman best\u00e5ende af postkort(e) tekster illustreret med farvefoto. Det er beretningen om et fald, et traumeforl\u00f8b og en poetisk sejr.&nbsp;<\/span><\/p>\n\n\n\n<div><span style=\"color: #333333; background-color: var(--background-color); font-family: var(--fontFamily); font-size: var(--fontSize); font-style: var(--fontStyle, inherit); font-weight: var(--fontWeight); letter-spacing: var(--letterSpacing); text-transform: var(--textTransform);\">&#8220;Jeg var p\u00e5 vej i biografen, det var en onsdag sidst i juni, men jeg v\u00e5gnede op i en MR-scanner,og igennem forvirring og angst og rumlende larm fra MR-scanneren s\u00e5 jeg lige op p\u00e5 en gr\u00f8n smiley.&nbsp;<\/span><\/div>\n\n\n\n<div><span style=\"color: #333333;\">MR-scannere er med i Smiley-ordningen? t\u00e6nkte jeg.&nbsp;<\/span><\/div>\n\n\n\n<div><span style=\"color: #333333;\"><span style=\"color: #333333;\">Lige d\u00e9r vidste jeg, at det nok skulle g\u00e5.&#8221;<\/span><\/span>\n<p><em>Hjernesk\u00e6lv<\/em> er en roman best\u00e5ende af postkort(e) tekster illustreret med farvefoto. Det er beretningen om et fald, et traumeforl\u00f8b og en poetisk sejr.<\/p>\n<\/div>\n\n\n\n<div><span style=\"color: #333333;\">Udkom i 2016 p\u00e5 forlaget Jensen &amp; Dalgaard<\/span><\/div>\n\n\n\n<div>&nbsp;<\/div>\n\n\n\n<p><span style=\"color: #000000;\"><b>ANMELDELSER &amp; OMTALER<\/b><\/span><\/p>\n\n\n\n<hr class=\"wp-block-separator has-alpha-channel-opacity\"\/>\n\n\n\n<p><span style=\"color: #000000;\">&#8220;Tekstene er morsomme og triste, hjerteskj\u00e6rende og kloke.&#8221;<\/span><\/p>\n\n\n\n<p><span style=\"color: #000000;\"><em>&#8220;Hjernesk\u00e6lv&nbsp;<\/em>er en virkelig god bok. En viktig bok. En lesverdig bok. En liten bok som er vanskelig \u00e5 glemme. Og som dermed er ganske stor.&#8221;<\/span><br><span style=\"color: #000000;\"><strong>Linn Str\u00f8msborg,&nbsp;<a style=\"color: #000000;\" href=\"http:\/\/bokmerker.org\/korte-glimt-av-en-hjernerystelse\/\">Bokmerker<\/a><\/strong><b><\/b><\/span><\/p>\n\n\n\n<hr class=\"wp-block-separator has-alpha-channel-opacity\"\/>\n\n\n\n<p><span style=\"color: #000000;\">&#8220;For alle med interesse for moderne dansk litteratur.&#8221;<\/span><\/p>\n\n\n\n<p><span style=\"color: #000000;\">&#8220;Selvbiografisk, humoristisk og poetisk debutroman, der sprogligt er i absolut s\u00e6rklasse.&#8221;<\/span><\/p>\n\n\n\n<p><span style=\"color: #000000;\">&#8220;Anbefales varmt.&#8221;<\/span><br><span style=\"color: #000000;\"><b>Lotte&nbsp;Klemens Thomhave, lekt\u00f8r, Dansk Bibliotescenter<br><\/b><\/span><\/p>\n\n\n\n<hr class=\"wp-block-separator has-alpha-channel-opacity\"\/>\n\n\n\n<p><span style=\"color: #000000;\">&#8220;Sjov, r\u00f8rende og alvorlig.&#8221;<\/span><\/p>\n\n\n\n<p><span style=\"color: #000000;\">&#8220;En lille bog med stort fylde.&#8221;<\/span><\/p>\n\n\n\n<p><span style=\"color: #000000;\">&#8220;Postkortene i <em>Hjernesk\u00e6lv<\/em> har f\u00f8lgeskab af smukke, stemningsfulde billeder med motiver fanget i et helt s\u00e6rligt \u00f8jeblik.&#8221;<\/span><\/p>\n\n\n\n<p><span style=\"color: #000000;\">&#8220;Eftert\u00e6nksom og vedkommende.&#8221;<\/span><br><span style=\"color: #000000;\"><b>Anne Birgitte Hundahl, <a style=\"color: #000000;\" href=\"https:\/\/litteratursiden.dk\/boeger\/hjerneskaelv\">Litteratursiden.dk<\/a><br><\/b><\/span><\/p>\n\n\n\n<hr class=\"wp-block-separator has-alpha-channel-opacity\"\/>\n\n\n\n<p><span style=\"color: #000000;\">&#8220;Zenia Johnsen mestrer den sv\u00e6re kunst det er, at underspille vanskelige emner s\u00e5 de b\u00e5de fremst\u00e5r dybt alvorlige og hylende morsomme p\u00e5 samme tid. Men man skal ikke lade sig narre, der er stor dybde i hele bogen.&#8221;<\/span><\/p>\n\n\n\n<p><span style=\"color: #000000;\">&#8220;En perle uden udl\u00f8bsdato.&#8221;<\/span><br><span style=\"color: #000000;\"><b>Lars Poulsen, <a style=\"color: #000000;\" href=\"https:\/\/bforbog.dk\/hjerneskaelv\/\">Bforbog.dk<\/a><\/b><\/span><\/p>\n\n\n\n<hr class=\"wp-block-separator has-alpha-channel-opacity\"\/>\n\n\n\n<p><span style=\"color: #000000;\">&#8220;<em>Hjernesk\u00e6lv<\/em> er en lille bog med meget p\u00e5 hjerte. Den er virkelig noget for sig, og man skal ikke frygte at blive trist af at l\u00e6se den. For g\u00f8r man det, s\u00f8rger Zenia Johnsen for, at man ogs\u00e5 kan f\u00e5 lov til at smile lidt. M\u00e5ske endda grine.<\/span><\/p>\n\n\n\n<p><span style=\"color: #000000;\">Bogen ligner ikke noget andet, jeg f\u00f8r har l\u00e6st, og det er altid rigtig rart at m\u00f8de ny litteratur og blive positivt overrasket.&#8221;<br><span style=\"font-size: inherit; background-color: var(--background-color); font-family: var(--fontFamily); font-style: var(--fontStyle, inherit); font-weight: var(--fontWeight); letter-spacing: var(--letterSpacing); text-transform: var(--textTransform);\">Mai Skydt Villadsen, <\/span><span style=\"font-size: inherit; background-color: var(--background-color); font-family: var(--fontFamily); font-style: var(--fontStyle, inherit); font-weight: var(--fontWeight); letter-spacing: var(--letterSpacing); text-transform: var(--textTransform);\"><strong><a style=\"color: #000000;\" href=\"https:\/\/fmbib.dk\/nyheder\/naar-livet-slaar-haardt\">Faaborg Midtfyn Bibliotekerne<\/a><\/strong><\/span><\/span><\/p>\n\n\n\n<hr class=\"wp-block-separator has-alpha-channel-opacity\"\/>\n\n\n\n<p><span style=\"color: #000000;\">&#8220;&#8230;en smuk og r\u00f8rende bog&#8230;&#8221;<\/span><\/p>\n\n\n\n<p><span style=\"color: #000000;\">&#8220;Zenia har en dejlig tone i sin skrivestil. Skarp og finurlig p\u00e5 s\u00e5dan en lidt r\u00f8rende m\u00e5de, hvor man slet ikke har brug for mere tekst. Faktisk f\u00f8les det som det helt rigtige antal ord der bruges.&#8221;<\/span><br><span style=\"color: #000000;\"><strong>Ugebladet, H\u00f8rsholm, Nina Schreblowski<br><\/strong><\/span><\/p>\n\n\n\n<hr class=\"wp-block-separator has-alpha-channel-opacity\"\/>\n\n\n\n<p><span style=\"color: #000000;\">&#8220;&#8230;fortryllende postkort-roman&#8230;&#8221;<\/span><\/p>\n\n\n\n<p><span style=\"color: #000000;\">&#8220;Den er smuk og trist og morsom og tankev\u00e6kkende. Den er en us\u00e6dvanligt fin beretning om livet med en hjernerystelse, som omverdenen hverken kan se eller forst\u00e5.&#8221;<br><strong style=\"font-size: inherit; background-color: var(--background-color); font-family: var(--fontFamily); font-style: var(--fontStyle, inherit); letter-spacing: var(--letterSpacing); text-transform: var(--textTransform);\">Susan S\u00f8gaard, Hjerneskadeforeningen<\/strong><\/span><\/p>\n\n\n\n<hr class=\"wp-block-separator has-alpha-channel-opacity\"\/>\n\n\n\n<p><span style=\"color: #000000;\">&#8220;<em>Hjernesk\u00e6lv<\/em> er en virkelig fin bog, som ikke tager lang tid at l\u00e6se, men som man f\u00e5r lyst til straks at l\u00e6se igen, fordi sproget er s\u00e5 underfundigt og klogt sat sammen. Og man bliver b\u00e5de gr\u00e5dlabil og lattermild undervejs.&#8221;<\/span><br><span style=\"color: #000000;\"><a style=\"color: #000000;\" href=\"https:\/\/hilbib.dk\/nyheder\/anbefalinger\/naar-hjernen-skaelver\">Hiller\u00f8d Bibliotekerne<br><\/a><\/span><\/p>\n\n\n\n<hr class=\"wp-block-separator has-alpha-channel-opacity\"\/>\n\n\n\n<p><span style=\"color: #000000;\">&#8220;&#8230;befriende usentimental&#8230;&#8221;<\/span><br><span style=\"color: #000000;\"><strong>Ugeavisen Faaborg<br><\/strong><\/span><\/p>\n\n\n\n<hr class=\"wp-block-separator has-alpha-channel-opacity\"\/>\n\n\n\n<p><span style=\"color: #000000;\">&#8220;Denne bog er et must read for alle og selvom det vil tage mindre en 1 time for jer at l\u00e6se, vil den sidde i jeres hjerter lang tid efter I lukker bogen.&#8221;<\/span><br><span style=\"color: #000000;\"><a style=\"color: #000000;\" href=\"http:\/\/gittesmonologer.dk\/?p=405\">Gittes Monologer<\/a><\/span><\/p>\n\n\n\n<hr class=\"wp-block-separator has-alpha-channel-opacity\"\/>\n\n\n\n<p><span style=\"color: #000000;\">&#8220;Zenia Johnsens roman er et godt bud p\u00e5 en fornyelse af romanformen.&#8221;<\/span><br><span style=\"color: #000000;\"><b>Ole M\u00f8ller, Dagbladenes Bureau<\/b><\/span><\/p>\n\n\n\n<hr class=\"wp-block-separator has-alpha-channel-opacity\"\/>\n\n\n\n<p><span style=\"color: #000000;\">&#8220;&#8230;<em>Hjernesk\u00e6lv<\/em> \u2013 poetisk, barsk og smukt p\u00e5 samme tid. Hun kalder det en postkortroman, fordi det er korte tekster og fine billeder, der f\u00f8lges ad. Men det er ogs\u00e5 en digtsamling, en samfundskritik og en k\u00e6rlighedserkl\u00e6ring.&#8221;<\/span><br><span style=\"color: #000000;\"><strong>Louise Greiner<\/strong>, <a style=\"color: #000000;\" href=\"https:\/\/dentatoveredebornebibliotekarlaeser.wordpress.com\/tag\/hjerneskaelv\/\">Den tatoverede b\u00f8rnebibliotekar l\u00e6ser<br><\/a><\/span><\/p>\n\n\n\n<hr class=\"wp-block-separator has-alpha-channel-opacity\"\/>\n\n\n\n<p><span style=\"color: #000000;\">&#8220;Det er en bog, der er sv\u00e6r at beskrive, men den r\u00f8rte mig dybt, og selv om den er kort, er det ikke lige en bog, man glemmer!&#8221;<\/span><br><span style=\"color: #000000;\"><strong>Dorte Tissot Hansen,<\/strong><a style=\"color: #000000;\" href=\"http:\/\/litteraturporten.blogspot.dk\/2016\/12\/hjernesklv-af-zenia-johnsen.html\"> L\u00e6s den fordi<br><\/a><\/span><\/p>\n\n\n\n<hr class=\"wp-block-separator has-alpha-channel-opacity\"\/>\n\n\n\n<p><span style=\"color: #000000;\"><em>&#8220;Hjernesk\u00e6lv <\/em>er en eftert\u00e6nksom og vedkommende postkort-roman&#8230;&#8221;<\/span><br><span style=\"color: #000000;\">&#8220;Bogen er hurtigt l\u00e6st, men ikke hurtigt glemt.&#8221;<\/span><br><span style=\"color: #000000;\"><a style=\"color: #000000;\" href=\"http:\/\/www.hvorkragernevender.dk\/2018\/06\/11\/let-laesning\/\"><strong>Hvor kragerne vender<\/strong><\/a><\/span><\/p>\n\n\n\n<hr class=\"wp-block-separator has-alpha-channel-opacity\"\/>\n\n\n\n<p>&#8220;Heftig. Vittig. Brutalt.&#8221;<br>&#8220;Boken anbefales. Den er som en langtidsvirkende klem og holder lortedager p\u00e5 avstand. Akkurat som fine venner, med l\u00f8ftet blikk.&#8221;<br><strong>@bokbergenserinnen<\/strong><\/p>\n\n\n\n<hr class=\"wp-block-separator has-alpha-channel-opacity\"\/>\n\n\n\n<p>&#8220;Romanen er ba\u030ade humoristisk, skarp, poetisk, og sa\u030a f\u00f8les den utrolig personlig. Den er hurtigt l\u00e6st, men bestemt ikke hurtigt glemt. Hjernesk\u00e6lv er faktisk lidt af en sproglig perle, men det er alt hvad Zenia skriver &#8211; og jeg gl\u00e6der mig til at l\u00e6se det n\u00e6ste, hun udgiver.&#8221;<br><strong>@Julie.Ottosen<\/strong><\/p>\n\n\n\n<hr class=\"wp-block-separator has-alpha-channel-opacity\"\/>\n\n\n\n<p>&#8220;Bogen er skrevet b\u00e5de med en god portion humor, men ogs\u00e5 med en til tider hjertegribende eftert\u00e6nksomhed, der l\u00e6gger sig dybt i sj\u00e6len af l\u00e6seren. \u201dHjernesk\u00e6lv\u201d er en fantastisk l\u00e6seoplevelse, og en l\u00e6seoplevelse med stof til eftertanker.&#8221;<br><strong>Line @Skivebibliotek<\/strong><\/p>\n\n\n\n<hr class=\"wp-block-separator has-alpha-channel-opacity\"\/>\n\n\n\n<p>\u201d<strong><em>Hjernesk\u00e6lv <\/em><\/strong>ligner ikke noget, jeg tidligere har l\u00e6st. Alligevel er jeg vild med denne lille, litter\u00e6re perle og sender den afsted med en k\u00e6mpe anbefaling.&#8221;<br><strong>@Vidunderlitt<\/strong><\/p>\n\n\n\n<hr class=\"wp-block-separator has-alpha-channel-opacity\"\/>\n\n\n\n<p>&#8220;M\u00e6nd skriver om deres bedrifter og kvinder skriver om deres sygdomme&#8221; sagde \u00e9n eller anden engang. Om det er rigtigt skal vi ikke kunne sige &#8211; men at skrive s\u00e5 smukt om en hjernerystelse, som Zenia Johnsen har gjort det i postkortromanen <em>Hjernesk\u00e6lv <\/em>er intet mindre end en kunstnerisk bedrift!<br><strong>@kulturhusindside<\/strong><\/p>\n\n\n\n<hr class=\"wp-block-separator has-alpha-channel-opacity\"\/>\n\n\n\n<p>Romanen er fyldt af de smukkeste fotografier af alt det, vi m\u00e5ske glemmer at se i vores fortravlede hverdag.<br><strong>@bausagerbooks<\/strong><\/p>\n\n\n\n<hr class=\"wp-block-separator has-alpha-channel-opacity\"\/>\n\n\n\n<p>&#8220;&#8230; hvis flosklen &#8216;Og jeg grinede og jeg gr\u00e6d&#8217; nogensinde skulle passe perfekt til noget, s\u00e5 er det til denne. Lille bog, stor l\u00e6seoplevelse. Jeg kan ikke anbefale den nok.<br><strong>Metteline @hedenstedbibliotekerne<\/strong><\/p>\n\n\n\n<hr class=\"wp-block-separator has-alpha-channel-opacity\"\/>\n\n\n\n<p>&#8220;&#8230; de her hjernesk\u00e6lv i postkortformat er helt fantastiske. Det er sm\u00e5  stykker tekst med stor gennemslagskraft. En hjernerystelse for forfatteren giver hjerterystelse til l\u00e6seren.&#8221;<br>@nannafoss<\/p>\n\n\n\n<hr class=\"wp-block-separator has-alpha-channel-opacity\"\/>\n\n\n\n<p>&#8220;Og her er s\u00e5 den fineste lille postkortroman, skrevet i er sprog som b\u00e5de fik mig til at grine og f\u00f8le alvoren af et liv med hjernerystelse.&#8221;<br><strong>@julie_scott_g<\/strong><\/p>\n\n\n\n<hr class=\"wp-block-separator has-alpha-channel-opacity\"\/>\n\n\n\n<p>&#8220;<em>Hjernesk\u00e6lv <\/em>a postcardnovel by Zenia Johnsen. I almost regret devouring it during my half an hour wait. But it was so good. Beautiful pain on paper. Smiles and tears I was allowed to share in.&#8221;<br>@vugilious<\/p>\n\n\n\n<hr class=\"wp-block-separator has-alpha-channel-opacity\"\/>\n\n\n\n<p>&#8220;Fineste bog jeg l\u00e6nge har l\u00e6st. Jeg blev n\u00f8dt til at holde mange pauser for at f\u00e5 den til at str\u00e6kke l\u00e6ngere.&#8221;<br><strong>@stine_ob<\/strong><\/p>\n\n\n\n<hr class=\"wp-block-separator has-alpha-channel-opacity\"\/>\n\n\n\n<p>&#8220;Den her lille bitte bog, det er alts\u00e5 noget af det absolut fineste jeg l\u00e6nge har l\u00e6st.&#8221;<br><strong>@suspusstruds<\/strong><\/p>\n\n\n\n<hr class=\"wp-block-separator has-alpha-channel-opacity\"\/>\n\n\n\n<p>Smuk og fint skrevet lille roman om f\u00f8lgerne af en alvorlig hjernerystelse. Minitekster fulde af stemning, billeder og sansninger og illustreret med sk\u00e6ve fotos. Jeg n\u00f8d den i al sin korthed<br>@revlogkrat<br><\/p>\n\n\n\n<hr class=\"wp-block-separator has-alpha-channel-opacity\"\/>\n\n\n\n<p>&#8220;Det er en st\u00e6rk og r\u00f8rende historie, fortalt med megen humor og stor kampgejst. De intense tekster suppleres gennem hele bogen, med smukke fotos, s\u00e5 helhedsindtrykket er en bog som mere sanses end l\u00e6ses. En speciel, smuk og meget vedkommende lille bog du bare skal l\u00e6se.&#8221;<br><strong>@janeanettmortensen<\/strong><\/p>\n\n\n\n<hr class=\"wp-block-separator has-alpha-channel-opacity\"\/>\n\n\n\n<p>&#8220;Kunsten at f\u00e5 sagt en verden med ganske f\u00e5 ord. At videresende hjerteblod ikl\u00e6dt glimt af observationer og h\u00e6ndelser. Det er, hvad denne Post Kort Roman kan. Smukt. Indsigtsfuldt. L\u00e6s den.&#8221;<br><strong>@viborgbibliotekerne<\/strong><br><\/p>\n\n\n\n<hr class=\"wp-block-separator has-alpha-channel-opacity\"\/>\n\n\n\n<p>&#8220;Postkortromanen <em>Hjernesk\u00e6lv <\/em>af\u00a0Zenia\u00a0Johnsen\u00a0s\u00e6tter fokus p\u00e5 senf\u00f8lger fra en hjernerystelse, s\u00e5 det rammer lige i sj\u00e6len.&#8221;<\/p>\n\n\n\n<p>&#8220;Udover de sm\u00e5 fine tekstglimt ind i livet som hjerneskadet, er romanen fyldt med en masse sm\u00e5 naturbilleder, som skaber en perfekt baggrund for resten af romanen. Bogen tager mindre end \u00e9n time at l\u00e6se, men den vil sidde i jeres hjerter lang tid efter, I lukker bogen.&#8221;<\/p>\n\n\n\n<p><strong>Gitte H\u00f8jmark Pedersen, Ugeavisen Vejen-Br\u00f8rup-Holsted<\/strong><\/p>\n\n\n\n<hr class=\"wp-block-separator has-alpha-channel-opacity\"\/>\n\n\n\n<p><span style=\"color: #000000;\"><a href=\"https:\/\/publishingperspectives.com\/2017\/08\/denmark-postcard-books-poetry-and-fiction\/\">Interview<\/a> (p\u00e5 engelsk) om <em>Hjernesk\u00e6lv<\/em> og postkortroman-formen af Marie Bilde for Publishing Perspectives <\/span><\/p>\n\n\n\n<p><span style=\"color: #000000;\">L\u00e6seranmeldelser p\u00e5 <a style=\"color: #000000;\" href=\"https:\/\/www.goodreads.com\/book\/show\/32204567-hjernesk-lv?from_search=true\">Goodreads.com<\/a><\/span><\/p>\n\n\n\n<hr class=\"wp-block-separator has-alpha-channel-opacity\"\/>\n\n\n\n<p><\/p>\n","protected":false},"excerpt":{"rendered":"<p>&#8220;Et godt bud p\u00e5 en fornyelse af romanformen.&#8221;DAGBLADENES BUREAU &#8220;Hjernesk\u00e6lv&#8221;&nbsp;er en roman best\u00e5ende af postkort(e) tekster illustreret med farvefoto. Det er beretningen om et fald, et traumeforl\u00f8b og en poetisk sejr.&nbsp; &#8220;Jeg var p\u00e5 vej i biografen, det var en onsdag sidst i juni, men jeg v\u00e5gnede op i en MR-scanner,og igennem forvirring og angst og rumlende larm fra MR-scanneren s\u00e5 jeg lige op p\u00e5 en gr\u00f8n smiley.&nbsp; MR-scannere er med i Smiley-ordningen? t\u00e6nkte jeg.&nbsp; Lige d\u00e9r vidste jeg, at det nok skulle g\u00e5.&#8221; Hjernesk\u00e6lv er en roman best\u00e5ende af postkort(e) tekster illustreret med farvefoto. Det er beretningen om et\u2026<\/p>\n","protected":false},"author":2,"featured_media":0,"parent":3159,"menu_order":0,"comment_status":"closed","ping_status":"closed","template":"","meta":{"footnotes":"","_links_to":"","_links_to_target":""},"class_list":["post-3421","page","type-page","status-publish","hentry"],"blocksy_meta":"","jetpack_sharing_enabled":true,"_links":{"self":[{"href":"http:\/\/zenia.dk\/index.php?rest_route=\/wp\/v2\/pages\/3421","targetHints":{"allow":["GET"]}}],"collection":[{"href":"http:\/\/zenia.dk\/index.php?rest_route=\/wp\/v2\/pages"}],"about":[{"href":"http:\/\/zenia.dk\/index.php?rest_route=\/wp\/v2\/types\/page"}],"author":[{"embeddable":true,"href":"http:\/\/zenia.dk\/index.php?rest_route=\/wp\/v2\/users\/2"}],"replies":[{"embeddable":true,"href":"http:\/\/zenia.dk\/index.php?rest_route=%2Fwp%2Fv2%2Fcomments&post=3421"}],"version-history":[{"count":35,"href":"http:\/\/zenia.dk\/index.php?rest_route=\/wp\/v2\/pages\/3421\/revisions"}],"predecessor-version":[{"id":5354,"href":"http:\/\/zenia.dk\/index.php?rest_route=\/wp\/v2\/pages\/3421\/revisions\/5354"}],"up":[{"embeddable":true,"href":"http:\/\/zenia.dk\/index.php?rest_route=\/wp\/v2\/pages\/3159"}],"wp:attachment":[{"href":"http:\/\/zenia.dk\/index.php?rest_route=%2Fwp%2Fv2%2Fmedia&parent=3421"}],"curies":[{"name":"wp","href":"https:\/\/api.w.org\/{rel}","templated":true}]}}