{"id":3017,"date":"2014-05-29T09:47:43","date_gmt":"2014-05-29T08:47:43","guid":{"rendered":"http:\/\/zenia.dk\/?page_id=3017"},"modified":"2021-10-12T09:27:43","modified_gmt":"2021-10-12T08:27:43","slug":"billy-smiler-roedt","status":"publish","type":"page","link":"http:\/\/zenia.dk\/?page_id=3017","title":{"rendered":"BILLY SMILER R\u00d8DT"},"content":{"rendered":"<h5><img loading=\"lazy\" decoding=\"async\" class=\"size-medium wp-image-3773 alignright\" src=\"http:\/\/zenia.dk\/wp-content\/uploads\/wp-1612105023313-218x300.jpg\" alt=\"\" width=\"218\" height=\"300\" srcset=\"http:\/\/zenia.dk\/wp-content\/uploads\/wp-1612105023313-218x300.jpg 218w, http:\/\/zenia.dk\/wp-content\/uploads\/wp-1612105023313.jpg 377w\" sizes=\"auto, (max-width: 218px) 100vw, 218px\" \/><\/h5>\n<h5><strong style=\"color: #000000; font-family: var(--fontFamily); font-size: var(--fontSize); font-style: var(--fontStyle, inherit); letter-spacing: var(--letterSpacing); text-transform: var(--textTransform); background-color: var(--background-color);\">&#8220;Du kommer aldrig til at l\u00e6se noget lignende.&#8221;<\/strong><span style=\"color: #000000;\"><br \/>WEEKENDAVISEN<\/span><\/h5>\n<p>En grafisk letl\u00e6st historie om mobning, pingviner og &#8230; zombier.<br \/>Illustreret af <a href=\"http:\/\/www.tomkristensen.net\/tom\/\">Tom Kristensen<\/a><br \/>Udkom i 2014 p\u00e5 Forlaget <a href=\"http:\/\/calibat.dk\">Calibat.<\/a><br \/><span style=\"color: #800000;\">UDSOLGT fra forlaget<\/span><\/p>\n<p>\u00a0<\/p>\n<p><span style=\"color: #800000;\"><br \/><span style=\"font-size: inherit; background-color: var(--background-color); color: var(--color); font-family: var(--fontFamily); font-style: var(--fontStyle, inherit); font-weight: var(--fontWeight); letter-spacing: var(--letterSpacing); text-transform: var(--textTransform);\"><br \/><span style=\"color: #000000;\"><strong>Billy smiler af r\u00f8dt<\/strong>, l\u00e6st af Simon Aakj\u00e6r Johannesen kan lyttes via <a href=\"https:\/\/superkultur.dk\/2019\/12\/13\/superkultur-julepodkalenderen-laage-nr-13\/\">Superkultur<\/a><br \/><\/span><\/span><\/span><\/p>\n<hr \/>\n<p><span style=\"color: #800000;\"><span style=\"font-size: inherit; background-color: var(--background-color); color: var(--color); font-family: var(--fontFamily); font-style: var(--fontStyle, inherit); font-weight: var(--fontWeight); letter-spacing: var(--letterSpacing); text-transform: var(--textTransform);\"><span style=\"color: #000000;\"><br \/>\u201dDu tror, du kender pingvinb\u00f8ger. Du tror, du ved hvad der sker, n\u00e5r Johnny mobber Billy. Du tager fejl. Zenia Johnsen og Tom Kristensen smiler r\u00f8dt og uddeler letl\u00e6ste skridtprygl.\u201d<\/span><\/span><br \/><\/span><\/p>\n<p><span style=\"color: #000000;\"><strong><a style=\"color: #000000;\" href=\"http:\/\/merlinpmann.wordpress.com\/\">Merlin P. Mann<\/a>, forfatter til Taynikma<\/strong><\/span><\/p>\n<p><span style=\"color: #000000;\">\u201cAldrig f\u00f8r er mobning blevet serveret p\u00e5 en s\u00e5 r\u00e5, humoristisk m\u00e5de. Zenia Johnsen har skrevet en modig og anderledes bog, der burde l\u00e6ses af b\u00e5de b\u00f8rn og voksne.\u201d<\/span><br \/><span style=\"color: #000000;\"><strong><a style=\"color: #000000;\" href=\"http:\/\/www.lisebidstrup.dk\/\">Lise Bidstrup,<\/a> forfatter til Spillets by<\/strong><\/span><\/p>\n<p><span style=\"color: #000000;\">\u201cRalph Steadman og Tim Burton har f\u00e5et et barn sammen: Tom Kristensen. Hans skrattende tuschstreger og varierede kompositioner spiller godt sammen med teksten I denne d\u00f8dsfabel fra pingvinland \u2013 Det er splat med kant og humor indfanget med Toms vibrerende pennestreg &#8211; hans tegninger str\u00e5ler af syg zombie begejstring \u2026 jeg vil ha\u2019 mer!\u201d<\/span><br \/><span style=\"color: #000000;\"><strong><a style=\"color: #000000;\" href=\"http:\/\/www.erikpetri.dk\/\">Erik Petri<\/a>, Antboy-tegner<\/strong><\/span><\/p>\n<p>\u00a0<\/p>\n<hr \/>\n<p><span style=\"color: #000000;\"><strong style=\"font-size: inherit; background-color: var(--background-color); font-family: var(--fontFamily); font-style: var(--fontStyle, inherit); letter-spacing: var(--letterSpacing); text-transform: var(--textTransform);\">ANMELDELSER<\/strong><\/span><\/p>\n<hr \/>\n<p><span style=\"color: #000000;\">&#8220;Zenia Johnsen fort\u00e6ller den skr\u00e6kkeligt vellystige historie om blod og splat, og Tom Kristensen tegner helt uden rullegardiner med liflig brug af den r\u00f8de farve. Kan man s\u00e5dan noget? Er det n\u00f8dvendigt at skr\u00e6mme skoles\u00f8gende, l\u00e6rere, bibliotekarer og pingviner p\u00e5 den m\u00e5de? Ja! Engang imellem er det n\u00f8dvendigt at sl\u00e5 i bolledejen for at f\u00e5 historien til at h\u00e6ve.&#8221;<\/span><\/p>\n<p><span style=\"color: #000000;\">&#8220;&#8230; velg\u00f8rende politisk ukorrekt&#8221;<\/span><br \/><span style=\"color: #000000;\"><strong style=\"font-size: inherit; background-color: var(--background-color); font-family: var(--fontFamily); font-style: var(--fontStyle, inherit); letter-spacing: var(--letterSpacing); text-transform: var(--textTransform);\">5 hjerter, Steffen Larsen, Politiken<\/strong><\/span><\/p>\n<hr \/>\n<p><span style=\"color: #000000;\">&#8220;En mere overraskende og fin gave kan man d\u00e5rligt finde, men det m\u00e6rkeligste af det hele: sproget er uds\u00f8gt og pr\u00e6get af meget syrede haiku-lignende replikker.&#8221;<\/span><\/p>\n<p><span style=\"color: #000000;\">&#8220;Tegningerne er f\u00e6le og n\u00e6sten r\u00f8rende.&#8221;<\/span><\/p>\n<p><span style=\"color: #000000;\">&#8220;&#8230;du kommer aldrig til at l\u00e6se noget lignende.&#8221;<\/span><\/p>\n<p><span style=\"color: #000000;\">&#8220;&#8230;bogen er smuk og f\u00e6l og har en poetisk styrke.&#8221;<\/span><br \/><span style=\"color: #000000;\"><strong>S\u00f8ren Staal Balslev, Weekendavisen<\/strong><\/span><\/p>\n<hr \/>\n<p><span style=\"color: #000000;\">&#8220;Det er en p\u00e5 samme tid r\u00e5, grotesk og humoristisk historie. Jeg er sikker p\u00e5, at m\u00e5lgruppens drenge vil finde den ganske underholdende og historien vil dermed bidrage til god l\u00e6selyst.&#8221;<\/span><br \/><span style=\"color: #000000;\"><strong>Rikke Skram-Skuldb\u00f8l, lekt\u00f8rudtalelse, Dansk Bibliotekscenter. <\/strong><\/span><\/p>\n<hr \/>\n<p><span style=\"color: #000000;\">&#8220;&#8230; blanding af S\u00f8ren-og-Mette-s\u00e6tninger og \u00e6stetikken fra Janne Tellers \u201dIntet\u201d&#8230;&#8221;<\/span><\/p>\n<p><span style=\"color: #000000;\">&#8220;Herligt uappetitligt, ul\u00e6kker og upassende. Blod p\u00e5 alle sider uden en eneste nuttet pingvin i sigte.&#8221;<\/span><\/p>\n<p><span style=\"color: #000000;\">&#8220;En virkelig m\u00e6rkelig historie. En virkelig m\u00e6rkelig bog. Med virkelig m\u00e6rkelige tegninger.&#8221;<\/span><br \/><span style=\"color: #000000;\"><strong><span style=\"font-size: inherit; background-color: var(--background-color); font-family: var(--fontFamily); font-style: var(--fontStyle, inherit); letter-spacing: var(--letterSpacing); text-transform: var(--textTransform);\">Bodil Christensen<br \/><\/span><\/strong><a style=\"color: #000000;\" href=\"http:\/\/www.bogbotten.dk\/?boganmeldelse=billy-smiler-roedt\">Bogbotten.dk<\/a><\/span><\/p>\n<p>\u00a0<\/p>\n\n\n<figure class=\"wp-block-embed is-type-video is-provider-youtube wp-block-embed-youtube wp-embed-aspect-16-9 wp-has-aspect-ratio\"><div class=\"wp-block-embed__wrapper\">\n<iframe loading=\"lazy\" title=\"H\u00f8jt Plan - Billy Smiler R\u00f8dt - Af Zenia Johnsen &amp; Tom Kristensen\" width=\"1290\" height=\"726\" src=\"https:\/\/www.youtube.com\/embed\/IW26hn2eXkA?feature=oembed\" frameborder=\"0\" allow=\"accelerometer; autoplay; clipboard-write; encrypted-media; gyroscope; picture-in-picture\" allowfullscreen><\/iframe>\n<\/div><\/figure>\n","protected":false},"excerpt":{"rendered":"<p>&#8220;Du kommer aldrig til at l\u00e6se noget lignende.&#8221;WEEKENDAVISEN En grafisk letl\u00e6st historie om mobning, pingviner og &#8230; zombier.Illustreret af Tom KristensenUdkom i 2014 p\u00e5 Forlaget Calibat.UDSOLGT fra forlaget \u00a0 Billy smiler af r\u00f8dt, l\u00e6st af Simon Aakj\u00e6r Johannesen kan lyttes via Superkultur \u201dDu tror, du kender pingvinb\u00f8ger. Du tror, du ved hvad der sker, n\u00e5r Johnny mobber Billy. Du tager fejl. Zenia Johnsen og Tom Kristensen smiler r\u00f8dt og uddeler letl\u00e6ste skridtprygl.\u201d Merlin P. Mann, forfatter til Taynikma \u201cAldrig f\u00f8r er mobning blevet serveret p\u00e5 en s\u00e5 r\u00e5, humoristisk m\u00e5de. Zenia Johnsen har skrevet en modig og anderledes bog, der\u2026<\/p>\n","protected":false},"author":2,"featured_media":0,"parent":3159,"menu_order":0,"comment_status":"open","ping_status":"closed","template":"","meta":{"footnotes":"","_links_to":"","_links_to_target":""},"class_list":["post-3017","page","type-page","status-publish","hentry"],"blocksy_meta":"","jetpack_sharing_enabled":true,"_links":{"self":[{"href":"http:\/\/zenia.dk\/index.php?rest_route=\/wp\/v2\/pages\/3017","targetHints":{"allow":["GET"]}}],"collection":[{"href":"http:\/\/zenia.dk\/index.php?rest_route=\/wp\/v2\/pages"}],"about":[{"href":"http:\/\/zenia.dk\/index.php?rest_route=\/wp\/v2\/types\/page"}],"author":[{"embeddable":true,"href":"http:\/\/zenia.dk\/index.php?rest_route=\/wp\/v2\/users\/2"}],"replies":[{"embeddable":true,"href":"http:\/\/zenia.dk\/index.php?rest_route=%2Fwp%2Fv2%2Fcomments&post=3017"}],"version-history":[{"count":32,"href":"http:\/\/zenia.dk\/index.php?rest_route=\/wp\/v2\/pages\/3017\/revisions"}],"predecessor-version":[{"id":4014,"href":"http:\/\/zenia.dk\/index.php?rest_route=\/wp\/v2\/pages\/3017\/revisions\/4014"}],"up":[{"embeddable":true,"href":"http:\/\/zenia.dk\/index.php?rest_route=\/wp\/v2\/pages\/3159"}],"wp:attachment":[{"href":"http:\/\/zenia.dk\/index.php?rest_route=%2Fwp%2Fv2%2Fmedia&parent=3017"}],"curies":[{"name":"wp","href":"https:\/\/api.w.org\/{rel}","templated":true}]}}